{"id":1009,"date":"2015-12-18T11:09:14","date_gmt":"2015-12-18T10:09:14","guid":{"rendered":"http:\/\/www.epefrance.org\/?page_id=1009"},"modified":"2022-09-08T16:02:16","modified_gmt":"2022-09-08T15:02:16","slug":"ministerio-da-educacao-frances","status":"publish","type":"page","link":"https:\/\/www.epefrance.org\/fr\/ligacoes-uteis\/ministerio-da-educacao-frances\/","title":{"rendered":"Minist\u00e9rio da Educa\u00e7\u00e3o Franc\u00eas"},"content":{"rendered":"<p>&nbsp;<\/p>\n<p><a href=\"https:\/\/www.epefrance.org\/wp-content\/uploads\/2022\/09\/logoMENJ_tronque.png\"><img loading=\"lazy\" decoding=\"async\" class=\"aligncenter wp-image-5997 \" src=\"https:\/\/www.epefrance.org\/wp-content\/uploads\/2022\/09\/logoMENJ_tronque.png\" alt=\"\" width=\"401\" height=\"317\" srcset=\"https:\/\/www.epefrance.org\/wp-content\/uploads\/2022\/09\/logoMENJ_tronque.png 3522w, https:\/\/www.epefrance.org\/wp-content\/uploads\/2022\/09\/logoMENJ_tronque-300x237.png 300w, https:\/\/www.epefrance.org\/wp-content\/uploads\/2022\/09\/logoMENJ_tronque-1024x809.png 1024w, https:\/\/www.epefrance.org\/wp-content\/uploads\/2022\/09\/logoMENJ_tronque-768x607.png 768w, https:\/\/www.epefrance.org\/wp-content\/uploads\/2022\/09\/logoMENJ_tronque-1536x1214.png 1536w, https:\/\/www.epefrance.org\/wp-content\/uploads\/2022\/09\/logoMENJ_tronque-2048x1618.png 2048w\" sizes=\"auto, (max-width: 401px) 100vw, 401px\" \/><\/a><\/p>\n<p style=\"text-align: center;\"><a href=\"http:\/\/www.education.gouv.fr\/\" target=\"_blank\" rel=\"noopener\">http:\/\/www.education.gouv.fr\/<\/a><\/p>\n","protected":false},"excerpt":{"rendered":"<p>&nbsp; http:\/\/www.education.gouv.fr\/<\/p>\n","protected":false},"author":4,"featured_media":0,"parent":131,"menu_order":0,"comment_status":"closed","ping_status":"closed","template":"","meta":{"_acf_changed":false,"footnotes":""},"class_list":["post-1009","page","type-page","status-publish","hentry"],"acf":[],"_links":{"self":[{"href":"https:\/\/www.epefrance.org\/fr\/wp-json\/wp\/v2\/pages\/1009","targetHints":{"allow":["GET"]}}],"collection":[{"href":"https:\/\/www.epefrance.org\/fr\/wp-json\/wp\/v2\/pages"}],"about":[{"href":"https:\/\/www.epefrance.org\/fr\/wp-json\/wp\/v2\/types\/page"}],"author":[{"embeddable":true,"href":"https:\/\/www.epefrance.org\/fr\/wp-json\/wp\/v2\/users\/4"}],"replies":[{"embeddable":true,"href":"https:\/\/www.epefrance.org\/fr\/wp-json\/wp\/v2\/comments?post=1009"}],"version-history":[{"count":6,"href":"https:\/\/www.epefrance.org\/fr\/wp-json\/wp\/v2\/pages\/1009\/revisions"}],"predecessor-version":[{"id":6000,"href":"https:\/\/www.epefrance.org\/fr\/wp-json\/wp\/v2\/pages\/1009\/revisions\/6000"}],"up":[{"embeddable":true,"href":"https:\/\/www.epefrance.org\/fr\/wp-json\/wp\/v2\/pages\/131"}],"wp:attachment":[{"href":"https:\/\/www.epefrance.org\/fr\/wp-json\/wp\/v2\/media?parent=1009"}],"curies":[{"name":"wp","href":"https:\/\/api.w.org\/{rel}","templated":true}]}}