{"id":1016,"date":"2015-12-18T11:43:39","date_gmt":"2015-12-18T10:43:39","guid":{"rendered":"http:\/\/www.epefrance.org\/?page_id=1016"},"modified":"2022-09-08T16:04:20","modified_gmt":"2022-09-08T15:04:20","slug":"eduscol-portal-nacional-dos-profissionais-de-educacao-frances","status":"publish","type":"page","link":"https:\/\/www.epefrance.org\/fr\/ligacoes-uteis\/eduscol-portal-nacional-dos-profissionais-de-educacao-frances\/","title":{"rendered":"\u00c9duscol &#8211; Portal nacional dos profissionais de educa\u00e7\u00e3o (Franc\u00eas)"},"content":{"rendered":"<p>&nbsp;<\/p>\n<p><a href=\"https:\/\/www.epefrance.org\/wp-content\/uploads\/2022\/09\/Captura-de-ecra-2022-09-08-as-17.02.52.png\"><img loading=\"lazy\" decoding=\"async\" class=\"wp-image-6001 aligncenter\" src=\"https:\/\/www.epefrance.org\/wp-content\/uploads\/2022\/09\/Captura-de-ecra-2022-09-08-as-17.02.52.png\" alt=\"\" width=\"899\" height=\"302\" srcset=\"https:\/\/www.epefrance.org\/wp-content\/uploads\/2022\/09\/Captura-de-ecra-2022-09-08-as-17.02.52.png 1054w, https:\/\/www.epefrance.org\/wp-content\/uploads\/2022\/09\/Captura-de-ecra-2022-09-08-as-17.02.52-300x101.png 300w, https:\/\/www.epefrance.org\/wp-content\/uploads\/2022\/09\/Captura-de-ecra-2022-09-08-as-17.02.52-1024x344.png 1024w, https:\/\/www.epefrance.org\/wp-content\/uploads\/2022\/09\/Captura-de-ecra-2022-09-08-as-17.02.52-768x258.png 768w\" sizes=\"auto, (max-width: 899px) 100vw, 899px\" \/><\/a><\/p>\n<p style=\"text-align: center;\"><a href=\"http:\/\/eduscol.education.fr\" target=\"_blank\" rel=\"noopener\">http:\/\/eduscol.education.fr<\/a><\/p>\n","protected":false},"excerpt":{"rendered":"<p>&nbsp; http:\/\/eduscol.education.fr<\/p>\n","protected":false},"author":4,"featured_media":0,"parent":131,"menu_order":0,"comment_status":"closed","ping_status":"closed","template":"","meta":{"_acf_changed":false,"footnotes":""},"class_list":["post-1016","page","type-page","status-publish","hentry"],"acf":[],"_links":{"self":[{"href":"https:\/\/www.epefrance.org\/fr\/wp-json\/wp\/v2\/pages\/1016","targetHints":{"allow":["GET"]}}],"collection":[{"href":"https:\/\/www.epefrance.org\/fr\/wp-json\/wp\/v2\/pages"}],"about":[{"href":"https:\/\/www.epefrance.org\/fr\/wp-json\/wp\/v2\/types\/page"}],"author":[{"embeddable":true,"href":"https:\/\/www.epefrance.org\/fr\/wp-json\/wp\/v2\/users\/4"}],"replies":[{"embeddable":true,"href":"https:\/\/www.epefrance.org\/fr\/wp-json\/wp\/v2\/comments?post=1016"}],"version-history":[{"count":3,"href":"https:\/\/www.epefrance.org\/fr\/wp-json\/wp\/v2\/pages\/1016\/revisions"}],"predecessor-version":[{"id":6003,"href":"https:\/\/www.epefrance.org\/fr\/wp-json\/wp\/v2\/pages\/1016\/revisions\/6003"}],"up":[{"embeddable":true,"href":"https:\/\/www.epefrance.org\/fr\/wp-json\/wp\/v2\/pages\/131"}],"wp:attachment":[{"href":"https:\/\/www.epefrance.org\/fr\/wp-json\/wp\/v2\/media?parent=1016"}],"curies":[{"name":"wp","href":"https:\/\/api.w.org\/{rel}","templated":true}]}}