{"id":116,"date":"2020-08-28T16:33:26","date_gmt":"2020-08-28T15:33:26","guid":{"rendered":"http:\/\/www.epefrance.org\/?page_id=116"},"modified":"2021-03-16T18:12:35","modified_gmt":"2021-03-16T17:12:35","slug":"cursos-da-rede-de-ensino","status":"publish","type":"page","link":"https:\/\/www.epefrance.org\/fr\/menu\/cursos-da-rede-de-ensino\/","title":{"rendered":"Cursos da rede de Ensino B\u00e1sico e Secund\u00e1rio"},"content":{"rendered":"<p>&nbsp;<\/p>\n<h2 style=\"text-align: center;\"><span style=\"color: #a10d0d;\">Rede de Ensino Portugu\u00eas no Estrangeiro &#8211; Fran\u00e7a<\/span><\/h2>\n<p style=\"text-align: center;\">Consulte a lista dos cursos de portugu\u00eas (EILE, ELVE e AES) por departamentos e localidades.<\/p>\n<h3 style=\"text-align: center;\"><a href=\"https:\/\/www.epefrance.org\/wp-content\/uploads\/2020\/11\/Rede-Cursos-de-Portugues.pdf\" target=\"_blank\" rel=\"noopener noreferrer\">Cursos de Portugu\u00eas em Fran\u00e7a &#8211; 2020\/2021<\/a><\/h3>\n<p>A Coordena\u00e7\u00e3o do Ensino Portugu\u00eas em Fran\u00e7a, conta com 96 professores colocados pelo Cam\u00f5es I. P. que lecionam l\u00edngua e cultura portuguesas em cerca de 440 escolas.<\/p>\n<p><strong><span style=\"color: #000080;\"><br \/>\nA rede de ensino portugu\u00eas em Fran\u00e7a conta com cursos:<\/span><\/strong><\/p>\n<p><strong>EILE &#8211; Ensino Internacional de L\u00edngua Estrangeira<\/strong><\/p>\n<p>Cursos para os alunos do 1\u00b0ciclo. Funcionam em hor\u00e1rio p\u00f3s-letivo nas escolas de primeiro ciclo do ensino b\u00e1sico francesas, em modalidade de ensino internacional aberto a todas as crian\u00e7as deste n\u00edvel de ensino.<\/p>\n<p><strong>ELVE<\/strong> &#8211; <strong>Ensino de L\u00edngua Viva Estrangeira<\/strong><\/p>\n<p>Cursos integrados no curr\u00edculo escolar do aluno. Ensino integrado.<\/p>\n<p><strong>AES &#8211; Apoio ao Ensino Secund\u00e1rio<\/strong><\/p>\n<p>Cursos para os alunos dos 2\u00b0 e\u00a03\u00b0\u00a0ciclos (da <em>6\u00e8me<\/em> a <em>3\u00e8me).<\/em> Funcionam \u00a0em associa\u00e7\u00f5es portuguesas em hor\u00e1rio p\u00f3s-letivo. Ensino diferido.<\/p>\n<p><strong>\u00a0Sec\u00e7\u00f5es Internacionais Portuguesas &#8211; Ensino B\u00e1sico e\u00a0Ensino Secund\u00e1rio<\/strong><\/p>\n<p>Cursos integrados no curr\u00edculo escolar do aluno. Ensino integrado. Para mais informa\u00e7\u00f5es sobre as nossas Sec\u00e7\u00f5es Internacionais Portuguesas, consulte:\u00a0<a href=\"https:\/\/www.epefrance.org\/menu\/seccoes-internacionais-portuguesas\/\">Sec\u00e7\u00f5es Internacionais Portuguesas em Fran\u00e7a<\/a><\/p>\n","protected":false},"excerpt":{"rendered":"<p>&nbsp; Rede de Ensino Portugu\u00eas no Estrangeiro &#8211; Fran\u00e7a Consulte a lista dos cursos de portugu\u00eas (EILE, ELVE e AES) por departamentos e localidades. Cursos de Portugu\u00eas em Fran\u00e7a &#8211; 2020\/2021 A Coordena\u00e7\u00e3o do Ensino Portugu\u00eas em Fran\u00e7a, conta com 96 professores colocados pelo Cam\u00f5es I. P. que lecionam l\u00edngua e cultura portuguesas em cerca [&hellip;]<\/p>\n","protected":false},"author":4,"featured_media":0,"parent":15,"menu_order":2,"comment_status":"closed","ping_status":"closed","template":"","meta":{"_acf_changed":false,"footnotes":""},"class_list":["post-116","page","type-page","status-publish","hentry"],"acf":[],"_links":{"self":[{"href":"https:\/\/www.epefrance.org\/fr\/wp-json\/wp\/v2\/pages\/116","targetHints":{"allow":["GET"]}}],"collection":[{"href":"https:\/\/www.epefrance.org\/fr\/wp-json\/wp\/v2\/pages"}],"about":[{"href":"https:\/\/www.epefrance.org\/fr\/wp-json\/wp\/v2\/types\/page"}],"author":[{"embeddable":true,"href":"https:\/\/www.epefrance.org\/fr\/wp-json\/wp\/v2\/users\/4"}],"replies":[{"embeddable":true,"href":"https:\/\/www.epefrance.org\/fr\/wp-json\/wp\/v2\/comments?post=116"}],"version-history":[{"count":76,"href":"https:\/\/www.epefrance.org\/fr\/wp-json\/wp\/v2\/pages\/116\/revisions"}],"predecessor-version":[{"id":4507,"href":"https:\/\/www.epefrance.org\/fr\/wp-json\/wp\/v2\/pages\/116\/revisions\/4507"}],"up":[{"embeddable":true,"href":"https:\/\/www.epefrance.org\/fr\/wp-json\/wp\/v2\/pages\/15"}],"wp:attachment":[{"href":"https:\/\/www.epefrance.org\/fr\/wp-json\/wp\/v2\/media?parent=116"}],"curies":[{"name":"wp","href":"https:\/\/api.w.org\/{rel}","templated":true}]}}