{"id":118,"date":"2018-09-11T14:34:08","date_gmt":"2018-09-11T13:34:08","guid":{"rendered":"http:\/\/www.epefrance.org\/?page_id=118"},"modified":"2022-02-18T18:13:35","modified_gmt":"2022-02-18T17:13:35","slug":"cursos-para-adultos","status":"publish","type":"page","link":"https:\/\/www.epefrance.org\/fr\/menu\/cursos-para-adultos\/","title":{"rendered":"Cursos para adultos CCP Cam\u00f5es, I.P."},"content":{"rendered":"<h2 style=\"text-align: center;\"><span style=\"color: #b5000c; font-size: 18pt;\">Cursos de Portugu\u00eas Lingua Estrangeira<\/span><\/h2>\n<h2 style=\"text-align: center;\"><a href=\"https:\/\/www.epefrance.org\/wp-content\/uploads\/2022\/01\/Logo-CCC.png\"><br \/>\n<\/a><a href=\"https:\/\/www.epefrance.org\/wp-content\/uploads\/2022\/02\/Folheto20212022-2.jpg\"><img loading=\"lazy\" decoding=\"async\" class=\"aligncenter wp-image-5612 \" src=\"https:\/\/www.epefrance.org\/wp-content\/uploads\/2022\/02\/Folheto20212022-2.jpg\" alt=\"\" width=\"758\" height=\"1112\" srcset=\"https:\/\/www.epefrance.org\/wp-content\/uploads\/2022\/02\/Folheto20212022-2.jpg 850w, https:\/\/www.epefrance.org\/wp-content\/uploads\/2022\/02\/Folheto20212022-2-204x300.jpg 204w, https:\/\/www.epefrance.org\/wp-content\/uploads\/2022\/02\/Folheto20212022-2-698x1024.jpg 698w, https:\/\/www.epefrance.org\/wp-content\/uploads\/2022\/02\/Folheto20212022-2-768x1127.jpg 768w\" sizes=\"auto, (max-width: 758px) 100vw, 758px\" \/><\/a><\/h2>\n<p>&nbsp;<\/p>\n<p><span style=\"font-family: georgia,palatino,serif; font-size: 12pt;\">Os cursos t\u00eam lugar no Centro Cultural Portugu\u00eas, Cam\u00f5es I. P. em Paris.<\/span><\/p>\n<p><strong>Centro Cultural \u2013 Cam\u00f5es, I. P.<\/strong><br \/>\n6 Passage Dombasle \u2013 75015 Paris<\/p>\n<p style=\"text-align: left;\"><span style=\"font-family: georgia,palatino,serif; font-size: 12pt;\">Para mais informa\u00e7\u00f5es, consulte a documenta\u00e7\u00e3o do Centro Cultural em Paris.<\/span><\/p>\n<p><a href=\"https:\/\/www.epefrance.org\/wp-content\/uploads\/2022\/01\/Logo-CCC.png\"><img loading=\"lazy\" decoding=\"async\" class=\" wp-image-5496 aligncenter\" src=\"https:\/\/www.epefrance.org\/wp-content\/uploads\/2022\/01\/Logo-CCC-300x148.png\" alt=\"\" width=\"450\" height=\"222\" srcset=\"https:\/\/www.epefrance.org\/wp-content\/uploads\/2022\/01\/Logo-CCC-300x148.png 300w, https:\/\/www.epefrance.org\/wp-content\/uploads\/2022\/01\/Logo-CCC.png 678w\" sizes=\"auto, (max-width: 450px) 100vw, 450px\" \/><\/a><\/p>\n<p>&nbsp;<\/p>\n<p>&nbsp;<\/p>\n","protected":false},"excerpt":{"rendered":"<p>Cursos de Portugu\u00eas Lingua Estrangeira &nbsp; Os cursos t\u00eam lugar no Centro Cultural Portugu\u00eas, Cam\u00f5es I. P. em Paris. Centro Cultural \u2013 Cam\u00f5es, I. P. 6 Passage Dombasle \u2013 75015 Paris Para mais informa\u00e7\u00f5es, consulte a documenta\u00e7\u00e3o do Centro Cultural em Paris. &nbsp; &nbsp;<\/p>\n","protected":false},"author":4,"featured_media":0,"parent":15,"menu_order":3,"comment_status":"closed","ping_status":"closed","template":"","meta":{"_acf_changed":false,"footnotes":""},"class_list":["post-118","page","type-page","status-publish","hentry"],"acf":[],"_links":{"self":[{"href":"https:\/\/www.epefrance.org\/fr\/wp-json\/wp\/v2\/pages\/118","targetHints":{"allow":["GET"]}}],"collection":[{"href":"https:\/\/www.epefrance.org\/fr\/wp-json\/wp\/v2\/pages"}],"about":[{"href":"https:\/\/www.epefrance.org\/fr\/wp-json\/wp\/v2\/types\/page"}],"author":[{"embeddable":true,"href":"https:\/\/www.epefrance.org\/fr\/wp-json\/wp\/v2\/users\/4"}],"replies":[{"embeddable":true,"href":"https:\/\/www.epefrance.org\/fr\/wp-json\/wp\/v2\/comments?post=118"}],"version-history":[{"count":40,"href":"https:\/\/www.epefrance.org\/fr\/wp-json\/wp\/v2\/pages\/118\/revisions"}],"predecessor-version":[{"id":5613,"href":"https:\/\/www.epefrance.org\/fr\/wp-json\/wp\/v2\/pages\/118\/revisions\/5613"}],"up":[{"embeddable":true,"href":"https:\/\/www.epefrance.org\/fr\/wp-json\/wp\/v2\/pages\/15"}],"wp:attachment":[{"href":"https:\/\/www.epefrance.org\/fr\/wp-json\/wp\/v2\/media?parent=118"}],"curies":[{"name":"wp","href":"https:\/\/api.w.org\/{rel}","templated":true}]}}