{"id":131,"date":"2015-09-25T14:47:29","date_gmt":"2015-09-25T13:47:29","guid":{"rendered":"http:\/\/www.epefrance.org\/?page_id=131"},"modified":"2020-11-16T17:24:40","modified_gmt":"2020-11-16T16:24:40","slug":"ligacoes-uteis","status":"publish","type":"page","link":"https:\/\/www.epefrance.org\/fr\/ligacoes-uteis\/","title":{"rendered":"Liga\u00e7\u00f5es \u00fateis"},"content":{"rendered":"","protected":false},"excerpt":{"rendered":"","protected":false},"author":4,"featured_media":0,"parent":0,"menu_order":5,"comment_status":"closed","ping_status":"closed","template":"","meta":{"_acf_changed":false,"footnotes":""},"class_list":["post-131","page","type-page","status-publish","hentry"],"acf":[],"_links":{"self":[{"href":"https:\/\/www.epefrance.org\/fr\/wp-json\/wp\/v2\/pages\/131","targetHints":{"allow":["GET"]}}],"collection":[{"href":"https:\/\/www.epefrance.org\/fr\/wp-json\/wp\/v2\/pages"}],"about":[{"href":"https:\/\/www.epefrance.org\/fr\/wp-json\/wp\/v2\/types\/page"}],"author":[{"embeddable":true,"href":"https:\/\/www.epefrance.org\/fr\/wp-json\/wp\/v2\/users\/4"}],"replies":[{"embeddable":true,"href":"https:\/\/www.epefrance.org\/fr\/wp-json\/wp\/v2\/comments?post=131"}],"version-history":[{"count":4,"href":"https:\/\/www.epefrance.org\/fr\/wp-json\/wp\/v2\/pages\/131\/revisions"}],"predecessor-version":[{"id":4120,"href":"https:\/\/www.epefrance.org\/fr\/wp-json\/wp\/v2\/pages\/131\/revisions\/4120"}],"wp:attachment":[{"href":"https:\/\/www.epefrance.org\/fr\/wp-json\/wp\/v2\/media?parent=131"}],"curies":[{"name":"wp","href":"https:\/\/api.w.org\/{rel}","templated":true}]}}