{"id":1329,"date":"2016-09-01T16:36:56","date_gmt":"2016-09-01T15:36:56","guid":{"rendered":"http:\/\/www.epefrance.org\/?page_id=1329"},"modified":"2020-11-11T19:15:53","modified_gmt":"2020-11-11T18:15:53","slug":"embaixada-de-portugal-em-franca","status":"publish","type":"page","link":"https:\/\/www.epefrance.org\/fr\/ligacoes-uteis\/embaixada-de-portugal-em-franca\/","title":{"rendered":"Embaixada de Portugal em Fran\u00e7a"},"content":{"rendered":"<div class=\"topbar hidden-print\">\n<div class=\"container\">\n<div class=\"row\">\n<div class=\"col-xs-7 col-sm-6 col-md-4\">\n<div class=\"pc_link\">\n<div class=\"custom\">\n<p style=\"text-align: center;\"><a href=\"https:\/\/www.epefrance.org\/wp-content\/uploads\/2020\/11\/logo_300x300.png\"><img loading=\"lazy\" decoding=\"async\" class=\"wp-image-4060 aligncenter\" src=\"https:\/\/www.epefrance.org\/wp-content\/uploads\/2020\/11\/logo_300x300-300x300.png\" alt=\"\" width=\"228\" height=\"228\" srcset=\"https:\/\/www.epefrance.org\/wp-content\/uploads\/2020\/11\/logo_300x300.png 300w, https:\/\/www.epefrance.org\/wp-content\/uploads\/2020\/11\/logo_300x300-150x150.png 150w\" sizes=\"auto, (max-width: 228px) 100vw, 228px\" \/><\/a><\/p>\n<p style=\"text-align: center;\"><a style=\"text-align: center;\" href=\"https:\/\/paris.embaixadaportugal.mne.gov.pt\/pt\/\">Embaixada de Portugal em Paris<\/a><\/p>\n<div class=\"topbar hidden-print\">\n<div class=\"container\">\n<div class=\"row\">\n<div class=\"col-xs-7 col-sm-6 col-md-4\">\n<div class=\"pc_link\">\n<div class=\"custom\">\n<p><strong><br \/>\nEmbaixada de Portugal em Fran\u00e7a<br \/>\n<\/strong><strong>Minist\u00e9rio dos Neg\u00f3cios Estrangeiros<\/strong><\/p>\n<p>1, Rue de Noisiel<br \/>\n75116 Paris<\/p>\n<\/div>\n<\/div>\n<\/div>\n<\/div>\n<\/div>\n<\/div>\n<\/div>\n<\/div>\n<\/div>\n<\/div>\n<\/div>\n<\/div>\n<p>Telefone: <a href=\"tel:0033147273529\">(0033) 1 47 27 35 29<\/a><br \/>\nFax: (0033) 1 44 05 94 02<\/p>\n<p>Correio eletr\u00f3nico: <a href=\"mailto:embaixada.paris@mne.pt\">embaixada.paris@mne.pt<\/a><br \/>\nRedes Sociais: <a href=\"https:\/\/www.facebook.com\/embaixadadeportugalemparis\/\" target=\"_blank\" rel=\"noopener noreferrer\">https:\/\/www.facebook.com\/embaixadadeportugalemparis\/<\/a><\/p>\n","protected":false},"excerpt":{"rendered":"<p>Embaixada de Portugal em Paris Embaixada de Portugal em Fran\u00e7a Minist\u00e9rio dos Neg\u00f3cios Estrangeiros 1, Rue de Noisiel 75116 Paris Telefone: (0033) 1 47 27 35 29 Fax: (0033) 1 44 05 94 02 Correio eletr\u00f3nico: embaixada.paris@mne.pt Redes Sociais: https:\/\/www.facebook.com\/embaixadadeportugalemparis\/<\/p>\n","protected":false},"author":4,"featured_media":0,"parent":131,"menu_order":0,"comment_status":"closed","ping_status":"closed","template":"","meta":{"_acf_changed":false,"footnotes":""},"class_list":["post-1329","page","type-page","status-publish","hentry"],"acf":[],"_links":{"self":[{"href":"https:\/\/www.epefrance.org\/fr\/wp-json\/wp\/v2\/pages\/1329","targetHints":{"allow":["GET"]}}],"collection":[{"href":"https:\/\/www.epefrance.org\/fr\/wp-json\/wp\/v2\/pages"}],"about":[{"href":"https:\/\/www.epefrance.org\/fr\/wp-json\/wp\/v2\/types\/page"}],"author":[{"embeddable":true,"href":"https:\/\/www.epefrance.org\/fr\/wp-json\/wp\/v2\/users\/4"}],"replies":[{"embeddable":true,"href":"https:\/\/www.epefrance.org\/fr\/wp-json\/wp\/v2\/comments?post=1329"}],"version-history":[{"count":23,"href":"https:\/\/www.epefrance.org\/fr\/wp-json\/wp\/v2\/pages\/1329\/revisions"}],"predecessor-version":[{"id":4091,"href":"https:\/\/www.epefrance.org\/fr\/wp-json\/wp\/v2\/pages\/1329\/revisions\/4091"}],"up":[{"embeddable":true,"href":"https:\/\/www.epefrance.org\/fr\/wp-json\/wp\/v2\/pages\/131"}],"wp:attachment":[{"href":"https:\/\/www.epefrance.org\/fr\/wp-json\/wp\/v2\/media?parent=1329"}],"curies":[{"name":"wp","href":"https:\/\/api.w.org\/{rel}","templated":true}]}}