{"id":155,"date":"2015-09-25T15:52:58","date_gmt":"2015-09-25T14:52:58","guid":{"rendered":"http:\/\/www.epefrance.org\/?page_id=155"},"modified":"2024-02-23T14:40:26","modified_gmt":"2024-02-23T14:40:26","slug":"exames-ple-caple-2","status":"publish","type":"page","link":"https:\/\/www.epefrance.org\/fr\/menu\/exames-ple-caple-2\/","title":{"rendered":"Exames PLE &#8211; CAPLE"},"content":{"rendered":"<p><!-- .entry-header --><\/p>\n<div class=\"entry-content\">\n<h3 style=\"text-align: center;\"><span style=\"color: #a10e0e;\"><strong>Exames de Certifica\u00e7\u00e3o<\/strong><\/span><\/h3>\n<h4 style=\"text-align: center;\"><span style=\"color: #a10e0e;\">PORTUGU\u00caS L\u00cdNGUA ESTRANGEIRA (PLE)<\/span><\/h4>\n<p><a href=\"http:\/\/caple.letras.ulisboa.pt\/\"><img loading=\"lazy\" decoding=\"async\" class=\"size-full wp-image-2071 aligncenter\" src=\"https:\/\/www.epefrance.org\/wp-content\/uploads\/2018\/10\/logo-caple.png\" alt=\"\" width=\"278\" height=\"80\" \/><\/a><\/p>\n<p style=\"text-align: center;\"><a href=\"http:\/\/caple.letras.ulisboa.pt\/\">http:\/\/caple.letras.ulisboa.pt\/<\/a><\/p>\n<p style=\"text-align: justify;\">Os exames de certifica\u00e7\u00e3o do PLE s\u00e3o da responsabilidade do Centro de Avalia\u00e7\u00e3o de Portugu\u00eas L\u00edngua Estrangeira (CAPLE) da Faculdade de Letras da Universidade de Lisboa (membro da ALTE).<br \/>\nOs exames produzidos pelo CAPLE constituem o Sistema de Avalia\u00e7\u00e3o e Certifica\u00e7\u00e3o de Portugu\u00eas L\u00edngua Estrangeira, reconhecido pelo Minist\u00e9rio dos Neg\u00f3cios Estrangeiros, atrav\u00e9s do Cam\u00f5es, Instituto de Coopera\u00e7\u00e3o e L\u00edngua, pelo Minist\u00e9rio da Educa\u00e7\u00e3o, atrav\u00e9s da Dire\u00e7\u00e3o-Geral da Educa\u00e7\u00e3o, e pelo Minist\u00e9rio da Administra\u00e7\u00e3o Interna, atrav\u00e9s do Servi\u00e7o de Estrangeiro e Fronteiras.<\/p>\n<\/div>\n<h4 class=\"title-page\"><strong>Reconhecimento dos exames<\/strong><\/h4>\n<p style=\"text-align: justify;\">Os exames de portugu\u00eas como l\u00edngua estrangeira do CAPLE s\u00e3o reconhecidos por v\u00e1rias institui\u00e7\u00f5es nacionais e estrangeiras para fins profissionais, sociais e educativos.<\/p>\n<h4>N\u00edveis de exame<\/h4>\n<table style=\"width: 86.35%; height: 545px; border-collapse: collapse;\" border=\"1\">\n<tbody>\n<tr style=\"height: 25px;\">\n<td style=\"width: 21.05%; height: 25px; text-align: center;\"><span style=\"font-family: arial,helvetica,sans-serif; font-size: 8pt;\">Denomina\u00e7\u00e3o do Exame<\/span><\/td>\n<td style=\"width: 4.13%; height: 25px; text-align: center;\"><span style=\"font-family: arial,helvetica,sans-serif; font-size: 8pt;\">N\u00edvel QECR<\/span><\/td>\n<td style=\"width: 37.94%; height: 25px; text-align: center;\"><span style=\"font-family: arial,helvetica,sans-serif; font-size: 8pt;\">Objetivos<\/span><\/td>\n<td style=\"width: 23.05%; height: 25px; text-align: center;\"><span style=\"font-family: arial,helvetica,sans-serif; font-size: 8pt;\">Exemplos de Exame<\/span><\/td>\n<\/tr>\n<tr>\n<td style=\"width: 21.05%;\"><span style=\"font-family: arial,helvetica,sans-serif; font-size: 8pt;\"><a href=\"http:\/\/caple.letras.ulisboa.pt\/pages\/view\/21\">ACESSO<\/a><br \/>\n<\/span><span style=\"font-family: arial,helvetica,sans-serif; font-size: 8pt;\">(Certificado de Acesso ao Portugu\u00eas)<\/span><\/td>\n<td style=\"width: 4.13%; text-align: center;\"><span style=\"font-family: arial,helvetica,sans-serif; font-size: 8pt;\">A1<br \/>\n<\/span><\/td>\n<td style=\"width: 37.94%; text-align: justify;\"><span lang=\"PT\" style=\"margin: 0px; line-height: 107%; font-family: arial,helvetica,sans-serif; font-size: 8pt;\"><span style=\"color: #000000;\"><span style=\"text-align: left; color: #515151; text-transform: none; text-indent: 0px; letter-spacing: normal; font-style: normal; font-variant: normal; font-weight: 400; text-decoration: none; word-spacing: 0px; display: inline !important; white-space: normal; orphans: 2; float: none; -webkit-text-stroke-width: 0px; background-color: transparent;\">O Certificado ACESSO AO PORTUGU\u00caS atesta uma compet\u00eancia de comunica\u00e7\u00e3o muito simples num n\u00famero muito limitado de situa\u00e7\u00f5es de comunica\u00e7\u00e3o dos dom\u00ednios privado, p\u00fablico e profissional.<\/span><\/span><\/span><\/td>\n<td style=\"width: 23.05%;\"><span style=\"font-family: arial,helvetica,sans-serif; font-size: 8pt;\">\u00a0<\/span><\/td>\n<\/tr>\n<tr style=\"height: 25px;\">\n<td style=\"width: 21.05%; height: 10px;\"><span style=\"font-family: arial,helvetica,sans-serif; font-size: 8pt;\"><a href=\"http:\/\/caple.letras.ulisboa.pt\/pages\/view\/11\" target=\"_blank\" rel=\"noopener\">CIPLE<\/a> <\/span><\/p>\n<p><span style=\"font-family: arial,helvetica,sans-serif; font-size: 8pt;\">(Certificado Inicial de Portugu\u00eas L\u00edngua Estrangeira)<\/span><\/td>\n<td style=\"width: 4.13%; height: 10px; text-align: center;\"><span style=\"font-family: arial,helvetica,sans-serif; font-size: 8pt;\">A2<\/span><\/td>\n<td style=\"width: 37.94%; height: 10px; text-align: justify;\"><span lang=\"PT\" style=\"margin: 0px; line-height: 107%; font-family: arial,helvetica,sans-serif; font-size: 8pt;\"><span style=\"color: #000000;\">O CIPLE atesta uma capacidade geral b\u00e1sica para interagir num n\u00famero limitado de situa\u00e7\u00f5es de comunica\u00e7\u00e3o previs\u00edveis do quotidiano. Prev\u00ea-se tamb\u00e9m que\u00a0nas \u00e1reas profissional\u00a0e de estudo os utilizadores do CIPLE sejam capazes de interagir em situa\u00e7\u00f5es de comunica\u00e7\u00e3o que requeiram um uso muito limitado do portugu\u00eas, que n\u00e3o se diferencia de um uso geral da l\u00edngua.<\/span><\/span><\/td>\n<td style=\"width: 23.05%; height: 10px;\"><span style=\"font-family: arial,helvetica,sans-serif; font-size: 8pt;\"><a href=\"http:\/\/caple.letras.ulisboa.pt\/files\/exemplos\/CIPLE_CL_PIE.pdf\" target=\"_blank\" rel=\"noopener\">Compreens\u00e3o da Leitura e Produ\u00e7\u00e3o e Intera\u00e7\u00e3o Esc.<\/a><\/span><\/p>\n<p><span style=\"font-family: arial,helvetica,sans-serif; font-size: 8pt;\"><a href=\"http:\/\/caple.letras.ulisboa.pt\/files\/exemplos\/CIPLE_CO.pdf\" target=\"_blank\" rel=\"noopener\">Compreens\u00e3o do Oral<\/a><\/span><\/p>\n<p><a href=\"http:\/\/modlr.org\/CAPLE\/CIPLE_CO_EXEMPLO.mp3\" target=\"_blank\" rel=\"noopener\"><span style=\"font-size: 8pt;\">CIPLE &#8211; ORAL<\/span><\/a><\/td>\n<\/tr>\n<tr style=\"height: 177px;\">\n<td style=\"width: 21.05%; height: 177px;\"><span style=\"font-family: arial,helvetica,sans-serif; font-size: 8pt;\"><a href=\"http:\/\/caple.letras.ulisboa.pt\/pages\/view\/12\" target=\"_blank\" rel=\"noopener\">DEPLE<\/a> <\/span><\/p>\n<p><span style=\"font-family: arial,helvetica,sans-serif; font-size: 8pt;\">(<strong>D<\/strong>iploma <strong>E<\/strong>lementar de <strong>P<\/strong>ortugu\u00eas <strong>L<\/strong>\u00edngua <strong>E<\/strong>strangeira)<\/span><\/td>\n<td style=\"width: 4.13%; height: 177px; text-align: center;\"><span style=\"font-family: arial,helvetica,sans-serif; font-size: 8pt;\">B1<\/span><\/td>\n<td style=\"width: 37.94%; height: 177px; text-align: justify;\"><span lang=\"PT\" style=\"margin: 0px; line-height: 107%; font-family: arial,helvetica,sans-serif; font-size: 8pt;\"><span style=\"color: #000000;\">Este n\u00edvel permite que os utilizadores sejam capazes de interagir num conjunto de situa\u00e7\u00f5es de comunica\u00e7\u00e3o do quotidiano, do trabalho e do estudo que requeiram um uso da l\u00edngua maioritariamente previs\u00edvel.\u00a0<\/span><\/span><\/td>\n<td style=\"width: 23.05%; height: 177px;\"><a href=\"http:\/\/caple.letras.ulisboa.pt\/files\/exemplos\/DEPLE_CL.pdf\" target=\"_blank\" rel=\"noopener\"><span style=\"font-family: arial,helvetica,sans-serif; font-size: 8pt;\">Compreens\u00e3o da leitura<\/span><\/a><\/p>\n<p><a href=\"http:\/\/caple.letras.ulisboa.pt\/files\/exemplos\/DEPLE_PIE.pdf\" target=\"_blank\" rel=\"noopener\"><span style=\"font-family: arial,helvetica,sans-serif; font-size: 8pt;\">Produ\u00e7\u00e3o e Intera\u00e7\u00e3o Escritas<\/span><\/a><\/p>\n<p><a href=\"http:\/\/caple.letras.ulisboa.pt\/files\/exemplos\/DEPLE_CO.pdf\" target=\"_blank\" rel=\"noopener\"><span style=\"font-family: arial,helvetica,sans-serif; font-size: 8pt;\">Compreens\u00e3o do Oral<\/span><\/a><\/p>\n<p><a href=\"http:\/\/modlr.org\/CAPLE\/DEPLE_CO_EXEMPLO.mp3\" target=\"_blank\" rel=\"noopener\"><span style=\"font-family: arial,helvetica,sans-serif; font-size: 8pt;\">DEPLE &#8211; ORAL<\/span><\/a><\/td>\n<\/tr>\n<tr style=\"height: 25px;\">\n<td style=\"width: 21.05%; height: 17px;\"><span style=\"font-family: arial,helvetica,sans-serif; font-size: 8pt;\"><a href=\"http:\/\/caple.letras.ulisboa.pt\/pages\/view\/13\" target=\"_blank\" rel=\"noopener\">DIPLE<\/a> <\/span><\/p>\n<p><span style=\"font-family: arial,helvetica,sans-serif; font-size: 8pt;\">(Diploma Interm\u00e9dio de Portugu\u00eas L\u00edngua Estrangeira)<\/span><\/td>\n<td style=\"width: 4.13%; height: 17px; text-align: center;\"><span style=\"font-family: arial,helvetica,sans-serif; font-size: 8pt;\">B2<\/span><\/td>\n<td style=\"width: 37.94%; height: 17px; text-align: justify;\"><span lang=\"PT\" style=\"margin: 0px; line-height: 107%; font-family: 'Arial',sans-serif; font-size: 8pt;\"><span style=\"color: #000000;\">Este n\u00edvel permite que os utilizadores possam trabalhar em contextos em que o portugu\u00eas \u00e9 l\u00edngua de trabalho e frequentar cursos acad\u00e9micos. Nos contextos em que o portugu\u00eas \u00e9 simultaneamente l\u00edngua de trabalho e de comunica\u00e7\u00e3o, pode haver ainda muitas dificuldades.\u00a0<\/span><\/span><\/td>\n<td style=\"width: 23.05%; height: 17px;\"><a href=\"http:\/\/caple.letras.ulisboa.pt\/files\/exemplos\/DIPLE_CL.pdf\" target=\"_blank\" rel=\"noopener\"><span style=\"font-family: arial,helvetica,sans-serif; font-size: 8pt;\">Compreens\u00e3o da leitura<\/span><\/a><\/p>\n<p><a href=\"http:\/\/caple.letras.ulisboa.pt\/files\/exemplos\/DIPLE_PIE.pdf\" target=\"_blank\" rel=\"noopener\"><span style=\"font-family: arial,helvetica,sans-serif; font-size: 8pt;\">Produ\u00e7\u00e3o e Intera\u00e7\u00e3o Escritas<\/span><\/a><\/p>\n<p><span style=\"font-family: arial,helvetica,sans-serif; font-size: 8pt;\"><a href=\"http:\/\/caple.letras.ulisboa.pt\/files\/exemplos\/DIPLE_CO.pdf\" target=\"_blank\" rel=\"noopener\">Compreens\u00e3o do Oral<\/a><\/span><\/p>\n<p><a href=\"http:\/\/modlr.org\/CAPLE\/DIPLE_CO_EXEMPLO.mp3\" target=\"_blank\" rel=\"noopener\"><span style=\"font-family: arial,helvetica,sans-serif; font-size: 8pt;\">DIPLE &#8211; ORAL<\/span><\/a><\/td>\n<\/tr>\n<tr style=\"height: 177px;\">\n<td style=\"width: 21.05%; height: 156px;\"><span style=\"font-family: arial,helvetica,sans-serif; font-size: 8pt;\"><a href=\"http:\/\/caple.letras.ulisboa.pt\/pages\/view\/14\" target=\"_blank\" rel=\"noopener\">DAPLE<\/a> <\/span><\/p>\n<p><span style=\"font-family: arial,helvetica,sans-serif; font-size: 8pt;\">(<strong>D<\/strong>iploma <strong>A<\/strong>van\u00e7ado de <strong>P<\/strong>ortugu\u00eas <strong>L<\/strong>\u00edngua <strong>E<\/strong>strangeira)<\/span><\/td>\n<td style=\"width: 4.13%; height: 156px; text-align: center;\"><span style=\"font-family: arial,helvetica,sans-serif; font-size: 8pt;\">C1<\/span><\/td>\n<td style=\"width: 37.94%; height: 156px;\">\n<p style=\"text-align: justify;\"><span style=\"font-family: arial,helvetica,sans-serif; font-size: 8pt;\">O DAPLE reconhece um n\u00edvel avan\u00e7ado de conhecimento do portugu\u00eas. Este n\u00edvel permite que os utilizadores possa, trabalhar em contextos em que o portugu\u00eas \u00e9 l\u00edngua de comunica\u00e7\u00e3o ou noutros em que o portugu\u00eas \u00e9 apenas l\u00edngua de trabalho, e frequentar cursos acad\u00e9micos.<\/span><\/p>\n<\/td>\n<td style=\"width: 23.05%; height: 156px;\"><a href=\"http:\/\/caple.letras.ulisboa.pt\/files\/exemplos\/DAPLE_CL.pdf\" target=\"_blank\" rel=\"noopener\"><span style=\"font-family: arial,helvetica,sans-serif; font-size: 8pt;\">Compreens\u00e3o da leitura<\/span><\/a><\/p>\n<p><a href=\"http:\/\/caple.letras.ulisboa.pt\/files\/exemplos\/DAPLE_PIE.pdf\" target=\"_blank\" rel=\"noopener\"><span style=\"font-family: arial,helvetica,sans-serif; font-size: 8pt;\">Produ\u00e7\u00e3o e Intera\u00e7\u00e3o Escritas<\/span><\/a><\/p>\n<p><a href=\"http:\/\/caple.letras.ulisboa.pt\/files\/exemplos\/DAPLE_CO.pdf\" target=\"_blank\" rel=\"noopener\"><span style=\"font-family: arial,helvetica,sans-serif; font-size: 8pt;\">Compreens\u00e3o do Oral<\/span><\/a><\/p>\n<p><a href=\"http:\/\/modlr.org\/CAPLE\/DAPLE_CO_EXEMPLO.mp3\" target=\"_blank\" rel=\"noopener\"><span style=\"font-family: arial,helvetica,sans-serif; font-size: 8pt;\">DAPLE &#8211; ORAL<\/span><\/a><\/td>\n<\/tr>\n<tr style=\"height: 201px;\">\n<td style=\"width: 21.05%; height: 160px;\"><span style=\"font-family: arial,helvetica,sans-serif; font-size: 8pt;\"><a href=\"http:\/\/caple.letras.ulisboa.pt\/pages\/view\/15\" target=\"_blank\" rel=\"noopener\">DUPLE<\/a> <\/span><\/p>\n<p><span style=\"font-family: arial,helvetica,sans-serif; font-size: 8pt;\">(<strong>D<\/strong>iploma <strong>Universit\u00e1rio <\/strong>de <strong>P<\/strong>ortugu\u00eas <strong>L<\/strong>\u00edngua <strong>E<\/strong>strangeira)<\/span><\/td>\n<td style=\"width: 4.13%; height: 160px; text-align: center;\"><span style=\"font-family: arial,helvetica,sans-serif; font-size: 8pt;\">C2<\/span><\/td>\n<td style=\"width: 37.94%; height: 160px;\" width=\"267\">\n<p style=\"text-align: justify;\"><span style=\"font-family: arial,helvetica,sans-serif; font-size: 8pt;\">O DUPLE reconhece um n\u00edvel superior de conhecimento do portugu\u00eas.<\/span><br \/>\n<span style=\"font-family: arial,helvetica,sans-serif; font-size: 8pt;\">Este n\u00edvel permite-lhes trabalhar com o portugu\u00eas, enquanto l\u00edngua de trabalho e\/ou l\u00edngua de comunica\u00e7\u00e3o no trabalho, e frequentar cursos acad\u00e9micos.<\/span><\/p>\n<\/td>\n<td style=\"width: 23.05%; height: 160px;\"><a href=\"http:\/\/caple.letras.ulisboa.pt\/files\/exemplos\/DUPLE_CL.pdf\" target=\"_blank\" rel=\"noopener\"><span style=\"font-family: arial,helvetica,sans-serif; font-size: 8pt;\">Compreens\u00e3o da leitura<\/span><\/a><\/p>\n<p><a href=\"http:\/\/caple.letras.ulisboa.pt\/files\/exemplos\/DUPLE_PIE.pdf\" target=\"_blank\" rel=\"noopener\"><span style=\"font-family: arial,helvetica,sans-serif; font-size: 8pt;\">Produ\u00e7\u00e3o e Intera\u00e7\u00e3o Escritas<\/span><\/a><\/p>\n<p><a href=\"http:\/\/caple.letras.ulisboa.pt\/files\/exemplos\/DUPLE_CO.pdf\" target=\"_blank\" rel=\"noopener\"><span style=\"font-family: arial,helvetica,sans-serif; font-size: 8pt;\">Compreens\u00e3o do Oral<\/span><\/a><\/p>\n<p><a href=\"http:\/\/modlr.org\/CAPLE\/DUPLE_CO_EXEMPLO.mp3\" target=\"_blank\" rel=\"noopener\"><span style=\"font-family: arial,helvetica,sans-serif; font-size: 8pt;\">DUPLE &#8211; ORAL<\/span><\/a><\/td>\n<\/tr>\n<\/tbody>\n<\/table>\n<p><span style=\"color: #000000;\"><strong><span style=\"font-size: 8pt;\">I<\/span> <\/strong>&#8211; <strong style=\"font-size: 10pt;\">LAPE<\/strong><span style=\"font-family: arial,helvetica,sans-serif;\"> (<span style=\"text-decoration: underline;\">L<\/span>ocal para <span style=\"text-decoration: underline;\">A<\/span>plica\u00e7\u00e3o e <span style=\"text-decoration: underline;\">P<\/span>romo\u00e7\u00e3o dos <span style=\"text-decoration: underline;\">E<\/span>xames) em Paris:<\/span><\/span><\/p>\n<div class=\"entry-content\">\n<ul style=\"list-style-type: disc;\">\n<li><span style=\"color: #000000;\">Centro Cultural Cam\u00f5es<\/span><br \/>\n<span style=\"color: #000000;\">6 Passage Dombasle<\/span><br \/>\n<span style=\"color: #000000;\">75015 Paris<\/span><\/li>\n<\/ul>\n<p><span style=\"color: #000000;\">Tel.: 0033(0)153920100<\/span><br \/>\n<span style=\"color: #000000;\">Email: ccp-paris@camoes.mne.pt<\/span><\/p>\n<h6><span style=\"color: #000000;\"><strong>II &#8211; <span style=\"font-size: 10pt;\">Informa\u00e7\u00e3o aos candidatos<\/span><\/strong><\/span><\/h6>\n<h5 style=\"text-align: center;\"><span style=\"color: #000000;\"><span style=\"text-decoration: underline;\">\u00c9poca de Exames de Portugu\u00eas L\u00edngua Estrangeira no internacional<br \/>\n<\/span><strong>\u00c9poca de maio 2024 (Paris)<br \/>\n<\/strong><\/span><\/h5>\n<p><span style=\"float: none; background-color: transparent; cursor: text; font-family: Georgia, 'Times New Roman', 'Bitstream Charter', Times, serif; font-size: 16px; font-style: normal; font-variant-ligatures: normal; font-variant-caps: normal; font-variant-alternates: normal; font-variant-numeric: normal; font-variant-east-asian: normal; font-variant-position: normal; font-weight: 400; letter-spacing: normal; orphans: 2; text-align: left; text-decoration: none; text-indent: 0px; text-transform: none; -webkit-text-stroke-width: 0px; white-space: normal; word-spacing: 0px; display: inline !important; color: #000000;\">As inscri\u00e7\u00f5es devem ser feitas atrav\u00e9s da plataforma do <a style=\"color: #000000;\" href=\"http:\/\/caple.letras.ulisboa.pt\/\">CAPLE<\/a>:\u00a0 <\/span><\/p>\n<ul style=\"list-style-type: disc;\">\n<li style=\"text-align: left;\"><span style=\"color: #000000;\"><a style=\"color: #000000;\" href=\"https:\/\/caple.letras.ulisboa.pt\/inscricao\" target=\"_blank\" rel=\"noopener\">Inscri\u00e7\u00e3o<\/a><\/span><\/li>\n<li style=\"text-align: left;\"><span style=\"color: #000000;\"><a style=\"color: #000000;\" href=\"http:\/\/caple.letras.ulisboa.pt\/pages\/view\/3\">Condi\u00e7\u00f5es e normas gerais<\/a><\/span><\/li>\n<\/ul>\n<\/div>\n<h6><span style=\"font-size: 10pt; color: #000000;\"><strong>\u00a0III<\/strong> &#8211; Outros LAPE em Fran\u00e7a:<\/span><\/h6>\n<ul>\n<li><span style=\"color: #000000;\">Centro de L\u00edngua Portuguesa &#8211; Cam\u00f5es, I.P.<\/span><br \/>\n<span style=\"color: #000000;\">Universidade de Potiers<\/span><br \/>\n<span style=\"color: #000000;\">1, Rue Raymond Cantel, Bat. A3<\/span><br \/>\n<span style=\"color: #000000;\">TSA 11102<\/span><br \/>\n<span style=\"color: #000000;\">86073 Poitiers Cedex 9<\/span><\/li>\n<\/ul>\n<p><span style=\"color: #000000;\">Tel.: 0033(0)549366375<\/span><br \/>\n<span style=\"color: #000000;\">Email: clppoitiers@hotmail.fr<\/span><\/p>\n<ul>\n<li><span style=\"color: #000000;\">Institut de Langue et Culture Lusophones<\/span><br \/>\n<span style=\"color: #000000;\">9 e 9 bis Rue du Pont Saint Pierre<\/span><br \/>\n<span style=\"color: #000000;\">31300 Toulouse<\/span><\/li>\n<\/ul>\n<p><span style=\"color: #000000;\">Tel.: 0033683513224<\/span><br \/>\n<span style=\"color: #000000;\">Email: institutluso31@gmail.com<\/span><\/p>\n<p>&nbsp;<\/p>\n<p>&nbsp;<\/p>\n<p style=\"padding-left: 30px;\"><a href=\"https:\/\/www.epefrance.org\/wp-content\/uploads\/2015\/09\/logo1.png\"><img loading=\"lazy\" decoding=\"async\" class=\"alignnone size-full wp-image-151\" src=\"https:\/\/www.epefrance.org\/wp-content\/uploads\/2015\/09\/logo1.png\" alt=\"logo\" width=\"776\" height=\"89\" srcset=\"https:\/\/www.epefrance.org\/wp-content\/uploads\/2015\/09\/logo1.png 776w, https:\/\/www.epefrance.org\/wp-content\/uploads\/2015\/09\/logo1-300x34.png 300w\" sizes=\"auto, (max-width: 776px) 100vw, 776px\" \/><\/a><\/p>\n","protected":false},"excerpt":{"rendered":"<p>Exames de Certifica\u00e7\u00e3o PORTUGU\u00caS L\u00cdNGUA ESTRANGEIRA (PLE) http:\/\/caple.letras.ulisboa.pt\/ Os exames de certifica\u00e7\u00e3o do PLE s\u00e3o da responsabilidade do Centro de Avalia\u00e7\u00e3o de Portugu\u00eas L\u00edngua Estrangeira (CAPLE) da Faculdade de Letras da Universidade de Lisboa (membro da ALTE). Os exames produzidos pelo CAPLE constituem o Sistema de Avalia\u00e7\u00e3o e Certifica\u00e7\u00e3o de Portugu\u00eas L\u00edngua Estrangeira, reconhecido pelo [&hellip;]<\/p>\n","protected":false},"author":2,"featured_media":0,"parent":15,"menu_order":7,"comment_status":"closed","ping_status":"closed","template":"","meta":{"_acf_changed":false,"footnotes":""},"class_list":["post-155","page","type-page","status-publish","hentry"],"acf":[],"_links":{"self":[{"href":"https:\/\/www.epefrance.org\/fr\/wp-json\/wp\/v2\/pages\/155","targetHints":{"allow":["GET"]}}],"collection":[{"href":"https:\/\/www.epefrance.org\/fr\/wp-json\/wp\/v2\/pages"}],"about":[{"href":"https:\/\/www.epefrance.org\/fr\/wp-json\/wp\/v2\/types\/page"}],"author":[{"embeddable":true,"href":"https:\/\/www.epefrance.org\/fr\/wp-json\/wp\/v2\/users\/2"}],"replies":[{"embeddable":true,"href":"https:\/\/www.epefrance.org\/fr\/wp-json\/wp\/v2\/comments?post=155"}],"version-history":[{"count":38,"href":"https:\/\/www.epefrance.org\/fr\/wp-json\/wp\/v2\/pages\/155\/revisions"}],"predecessor-version":[{"id":7104,"href":"https:\/\/www.epefrance.org\/fr\/wp-json\/wp\/v2\/pages\/155\/revisions\/7104"}],"up":[{"embeddable":true,"href":"https:\/\/www.epefrance.org\/fr\/wp-json\/wp\/v2\/pages\/15"}],"wp:attachment":[{"href":"https:\/\/www.epefrance.org\/fr\/wp-json\/wp\/v2\/media?parent=155"}],"curies":[{"name":"wp","href":"https:\/\/api.w.org\/{rel}","templated":true}]}}