{"id":162,"date":"2020-09-25T16:04:20","date_gmt":"2020-09-25T16:04:20","guid":{"rendered":"http:\/\/www.epefrance.org\/?page_id=162"},"modified":"2025-06-20T14:59:13","modified_gmt":"2025-06-20T14:59:13","slug":"equivalencia-de-estudos","status":"publish","type":"page","link":"https:\/\/www.epefrance.org\/fr\/menu\/equivalencia-de-estudos\/","title":{"rendered":"Equival\u00eancias de estudos em Portugal e em Fran\u00e7a"},"content":{"rendered":"<h2><img loading=\"lazy\" decoding=\"async\" class=\"aligncenter size-full wp-image-6465\" src=\"https:\/\/comunidadered.pt\/camoes\/wp-content\/uploads\/2023\/07\/estudante.jpg\" alt=\"\" width=\"1000\" height=\"667\" srcset=\"https:\/\/www.epefrance.org\/wp-content\/uploads\/2023\/07\/estudante.jpg 1000w, https:\/\/www.epefrance.org\/wp-content\/uploads\/2023\/07\/estudante-300x200.jpg 300w, https:\/\/www.epefrance.org\/wp-content\/uploads\/2023\/07\/estudante-768x512.jpg 768w\" sizes=\"auto, (max-width: 1000px) 100vw, 1000px\" \/><\/h2>\n<p>&nbsp;<\/p>\n<h2>Portugal<\/h2>\n<p style=\"text-align: left;\"><a href=\"https:\/\/www.epefrance.org\/wp-content\/uploads\/2025\/06\/Tabela_equiv_pt.pdf\" target=\"_blank\" rel=\"noopener\">Equival\u00eancia\/ continua\u00e7\u00e3o de estudos em Portugal<\/a><\/p>\n<p style=\"text-align: left;\"><a href=\"https:\/\/www.google.com\/maps\/d\/u\/0\/viewer?mid=1JOfjkULG9ERSWulHTpTYlRxLXM4-lYM&#038;ll=56.30969883914448%2C10.956119732690315&#038;z=4\" target=\"_blank\" rel=\"noopener\">Services d\u2019Apostille em Fran\u00e7a &#8211; Chambres Interd\u00e9partemantales des Notaires<\/a><\/p>\n<p style=\"text-align: left;\"><a href=\"https:\/\/paris.consuladoportugal.mne.gov.pt\/images\/consulado\/quero_tratar_de\/tradutores2022.pdf\" target=\"_blank\" rel=\"noopener noreferrer\">Lista de tradutores ajuramentados em Fran\u00e7a &#8211; Consulado Geral de Portugal em Paris<\/a><\/p>\n<p style=\"text-align: left;\"><a href=\"https:\/\/www.dges.gov.pt\/pt\" target=\"_blank\" rel=\"noopener noreferrer\">\u00a0Acesso ao ensino superior &#8211; Dire\u00e7\u00e3o-Geral do Ensino Superior (DGES)<\/a><\/p>\n<p style=\"text-align: left;\"><a href=\"https:\/\/www.dges.gov.pt\/pt\/pagina\/contingente-especial-para-candidatos-emigrantes-portugueses-e-familiares-que-com-eles-residam\">Contingente especial para candidatos emigrantes portugueses ao ensino superior &#8211; DGES<\/a><\/p>\n<p><a href=\"https:\/\/www.dges.gov.pt\/pt\/pagina\/centro-naric?plid=374\" target=\"_blank\" rel=\"noopener\">Equival\u00eancia\/ Reconhecimento dos diplomas do ensino superior &#8211; DGES<\/a><\/p>\n<p>&nbsp;<\/p>\n<h2>Fran\u00e7a<\/h2>\n<p><a href=\"https:\/\/www.epefrance.org\/wp-content\/uploads\/2025\/06\/Equival_Franca.pdf\" target=\"_blank\" rel=\"noopener\">Equival\u00eancia\/Continua\u00e7\u00e3o de estudos em Fran\u00e7a<\/a><\/p>\n<p><a href=\"https:\/\/www.epefrance.org\/wp-content\/uploads\/2015\/10\/2-tradutores_portugal.pdf\">Tradutores oficiais em Portugal<\/a><\/p>\n<p><a href=\"https:\/\/www.education.gouv.fr\/pid25058\/le-calendrier-scolaire.html\" target=\"_blank\" rel=\"noopener noreferrer\">Calend\u00e1rio escolar franc\u00eas<\/a><\/p>\n<p style=\"text-align: left;\"><a href=\"https:\/\/www.epefrance.org\/wp-content\/uploads\/2025\/06\/Equiva_naric_fr.pdf\" target=\"_blank\" rel=\"noopener\">Equival\u00eancia\/ Reconhecimento de diplomas &#8211; France Education International &#8211; ENIC-NARIC\u00a0<\/a><\/p>\n","protected":false},"excerpt":{"rendered":"<p>&nbsp; Portugal Equival\u00eancia\/ continua\u00e7\u00e3o de estudos em Portugal Services d\u2019Apostille em Fran\u00e7a &#8211; Chambres Interd\u00e9partemantales des Notaires Lista de tradutores ajuramentados em Fran\u00e7a &#8211; Consulado Geral de Portugal em Paris \u00a0Acesso ao ensino superior &#8211; Dire\u00e7\u00e3o-Geral do Ensino Superior (DGES) Contingente especial para candidatos emigrantes portugueses ao ensino superior &#8211; DGES Equival\u00eancia\/ Reconhecimento dos diplomas [&hellip;]<\/p>\n","protected":false},"author":1,"featured_media":6465,"parent":15,"menu_order":6,"comment_status":"closed","ping_status":"closed","template":"","meta":{"_acf_changed":false,"footnotes":""},"class_list":["post-162","page","type-page","status-publish","has-post-thumbnail","hentry"],"acf":[],"_links":{"self":[{"href":"https:\/\/www.epefrance.org\/fr\/wp-json\/wp\/v2\/pages\/162","targetHints":{"allow":["GET"]}}],"collection":[{"href":"https:\/\/www.epefrance.org\/fr\/wp-json\/wp\/v2\/pages"}],"about":[{"href":"https:\/\/www.epefrance.org\/fr\/wp-json\/wp\/v2\/types\/page"}],"author":[{"embeddable":true,"href":"https:\/\/www.epefrance.org\/fr\/wp-json\/wp\/v2\/users\/1"}],"replies":[{"embeddable":true,"href":"https:\/\/www.epefrance.org\/fr\/wp-json\/wp\/v2\/comments?post=162"}],"version-history":[{"count":75,"href":"https:\/\/www.epefrance.org\/fr\/wp-json\/wp\/v2\/pages\/162\/revisions"}],"predecessor-version":[{"id":6706,"href":"https:\/\/www.epefrance.org\/fr\/wp-json\/wp\/v2\/pages\/162\/revisions\/6706"}],"up":[{"embeddable":true,"href":"https:\/\/www.epefrance.org\/fr\/wp-json\/wp\/v2\/pages\/15"}],"wp:featuredmedia":[{"embeddable":true,"href":"https:\/\/www.epefrance.org\/fr\/wp-json\/wp\/v2\/media\/6465"}],"wp:attachment":[{"href":"https:\/\/www.epefrance.org\/fr\/wp-json\/wp\/v2\/media?parent=162"}],"curies":[{"name":"wp","href":"https:\/\/api.w.org\/{rel}","templated":true}]}}