{"id":2033,"date":"2018-09-28T14:09:27","date_gmt":"2018-09-28T13:09:27","guid":{"rendered":"http:\/\/www.epefrance.org\/?page_id=2033"},"modified":"2020-11-11T19:55:13","modified_gmt":"2020-11-11T18:55:13","slug":"portal-cultural-do-mund-de-lingua-portuguesa","status":"publish","type":"page","link":"https:\/\/www.epefrance.org\/fr\/portal-cultural-do-mund-de-lingua-portuguesa\/","title":{"rendered":"Portal cultural do mundo de l\u00edngua portuguesa"},"content":{"rendered":"<p><span style=\"font-family: georgia, palatino, serif;\">\u00ab\u00a0Fruto da pareceria entre a Funda\u00e7\u00e3o Gulbenkian e a Associa\u00e7\u00e3o Internacional de Lusitanistas, a Plataforma9, p<\/span><span style=\"text-align: left; color: #333333; text-transform: none; text-indent: 0px; letter-spacing: normal; font-size: 16px; font-style: normal; font-variant: normal; font-weight: 400; text-decoration: none; word-spacing: 0px; display: inline !important; white-space: normal; cursor: text; orphans: 2; float: none; -webkit-text-stroke-width: 0px; background-color: transparent;\">ortal cultural do mundo de l\u00edngua portuguesa, tem-se afirmado como a mais importante rede digital de interc\u00e2mbio informativo dos nove pa\u00edses e regi\u00f5es de L\u00edngua Portuguesa, assim como de todas as culturas em portugu\u00eas.<\/span><\/p>\n<p><span style=\"font-family: georgia,palatino,serif;\">A Plataforma9, Portal cultural do mundo de l\u00edngua portuguesa, divulga diariamente os principais eventos que decorrem no mundo relacionados com a L\u00edngua Portuguesa.<\/span><\/p>\n<p><span style=\"font-family: georgia,palatino,serif;\">O Boletim semanal <em>Plataforma9<\/em> pode ser subscrito diretamente no portal o que permite receber semanalmente as not\u00edcias sobre o que \u00e9 publicado.\u00a0\u00bb<\/span><\/p>\n<p><a href=\"http:\/\/plataforma9.com\/\"><img loading=\"lazy\" decoding=\"async\" id=\"logo\" class=\"img-responsive aligncenter\" src=\"http:\/\/plataforma9.com\/view\/css\/ailu1601\/img\/logo.png\" alt=\"logo\" width=\"344\" height=\"90\" \/><\/a><\/p>\n<p>&nbsp;<\/p>\n<p style=\"text-align: center;\"><span style=\"font-family: georgia,palatino,serif;\"><a href=\"http:\/\/plataforma9.com\/\">www.plataforma9.com<\/a><\/span><\/p>\n<p style=\"text-align: center;\">\n","protected":false},"excerpt":{"rendered":"<p>\u00ab\u00a0Fruto da pareceria entre a Funda\u00e7\u00e3o Gulbenkian e a Associa\u00e7\u00e3o Internacional de Lusitanistas, a Plataforma9, portal cultural do mundo de l\u00edngua portuguesa, tem-se afirmado como a mais importante rede digital de interc\u00e2mbio informativo dos nove pa\u00edses e regi\u00f5es de L\u00edngua Portuguesa, assim como de todas as culturas em portugu\u00eas. A Plataforma9, Portal cultural do mundo [&hellip;]<\/p>\n","protected":false},"author":4,"featured_media":0,"parent":0,"menu_order":0,"comment_status":"closed","ping_status":"closed","template":"","meta":{"_acf_changed":false,"footnotes":""},"class_list":["post-2033","page","type-page","status-publish","hentry"],"acf":[],"_links":{"self":[{"href":"https:\/\/www.epefrance.org\/fr\/wp-json\/wp\/v2\/pages\/2033","targetHints":{"allow":["GET"]}}],"collection":[{"href":"https:\/\/www.epefrance.org\/fr\/wp-json\/wp\/v2\/pages"}],"about":[{"href":"https:\/\/www.epefrance.org\/fr\/wp-json\/wp\/v2\/types\/page"}],"author":[{"embeddable":true,"href":"https:\/\/www.epefrance.org\/fr\/wp-json\/wp\/v2\/users\/4"}],"replies":[{"embeddable":true,"href":"https:\/\/www.epefrance.org\/fr\/wp-json\/wp\/v2\/comments?post=2033"}],"version-history":[{"count":11,"href":"https:\/\/www.epefrance.org\/fr\/wp-json\/wp\/v2\/pages\/2033\/revisions"}],"predecessor-version":[{"id":4107,"href":"https:\/\/www.epefrance.org\/fr\/wp-json\/wp\/v2\/pages\/2033\/revisions\/4107"}],"wp:attachment":[{"href":"https:\/\/www.epefrance.org\/fr\/wp-json\/wp\/v2\/media?parent=2033"}],"curies":[{"name":"wp","href":"https:\/\/api.w.org\/{rel}","templated":true}]}}