{"id":2096,"date":"2018-10-12T11:24:21","date_gmt":"2018-10-12T10:24:21","guid":{"rendered":"http:\/\/www.epefrance.org\/?page_id=2096"},"modified":"2020-11-10T20:25:33","modified_gmt":"2020-11-10T19:25:33","slug":"concursos","status":"publish","type":"page","link":"https:\/\/www.epefrance.org\/fr\/concursos\/","title":{"rendered":"2019-2020"},"content":{"rendered":"<p>Os concursos, dinamizados pela CEPE em 2019\/2020, t\u00eam como finalidade desenvolver, nos alunos, compet\u00eancias de literacia em l\u00edngua portuguesa, estimular o gosto pela leitura, promover o conhecimento da obra liter\u00e1ria de Agustina Bessa-Lu\u00eds, fomentar o conhecimento sobre Fern\u00e3o de Magalh\u00e3es e ampliar nos alunso o gosto pela hist\u00f3ria e pela pesquisa.<\/p>\n<p style=\"text-align: center;\"><strong>CONCURSOS CEPE<\/strong><\/p>\n<p style=\"text-align: center;\"><strong>Regulamentos e cartazes<\/strong><\/p>\n<p style=\"text-align: center;\"><strong><br \/>\nAgustina Bessa-Lu\u00eds<\/strong><\/p>\n<p style=\"text-align: center;\"><strong><a href=\"https:\/\/www.epefrance.org\/wp-content\/uploads\/2019\/12\/Regulamento-Concurso-Fotogr\u00e1fico-de-Leitura-ABL.pdf\" target=\"_blank\" rel=\"noopener noreferrer\">Concurso Fotogr\u00e1fico de Leitura<\/a><\/strong><\/p>\n<p><a href=\"https:\/\/www.epefrance.org\/wp-content\/uploads\/2020\/02\/Cartaz-Concurso-Fotogr\u00e1fico-de-Leitura-ABL.pdf\" target=\"_blank\" rel=\"noopener noreferrer\"><img loading=\"lazy\" decoding=\"async\" class=\"details-image aligncenter\" draggable=\"false\" src=\"https:\/\/www.epefrance.org\/wp-content\/uploads\/2020\/02\/Cartaz-Concurso-Fotogra%CC%81fico-de-Leitura-ABL-pdf-724x1024.jpg\" alt=\"\" width=\"508\" height=\"718\" \/><\/a><\/p>\n<p>&nbsp;<\/p>\n<p>&nbsp;<\/p>\n<p style=\"text-align: center;\"><strong><a href=\"https:\/\/www.epefrance.org\/wp-content\/uploads\/2019\/12\/Regulamento-Concurso-Recens\u00e3o-cr\u00edtica-Fanny-Owens.pdf\" target=\"_blank\" rel=\"noopener noreferrer\">Concurso Fanny Owen na escrita e no cinema<\/a><\/strong><\/p>\n<p><img loading=\"lazy\" decoding=\"async\" class=\"thumbnail aligncenter\" src=\"https:\/\/www.epefrance.org\/wp-content\/uploads\/2020\/02\/Cartaz-Concurso-Fanny-Owen-na-escrita-e-no-cinema-pdf.jpg\" alt=\"\" width=\"508\" height=\"719\" \/><\/p>\n<p style=\"text-align: center;\"><strong><br \/>\nFern\u00e3o de Magalh\u00e3es<\/strong><\/p>\n<p style=\"text-align: center;\"><strong><a href=\"https:\/\/www.epefrance.org\/wp-content\/uploads\/2019\/12\/Regulamento-V-centen\u00e1rio-Viagem-Circum-Navega\u00e7\u00e3o-Coll\u00e8ge-Lyc\u00e9e.pdf\" target=\"_blank\" rel=\"noopener noreferrer\">Concurso Comemora\u00e7\u00e3o do V centen\u00e1rio da viagem de circum-navega\u00e7\u00e3o de Fern\u00e3o Magalh\u00e3es<\/a><\/strong><\/p>\n<p><a href=\"https:\/\/www.epefrance.org\/wp-content\/uploads\/2020\/02\/Cartaz-Concurso-Fern\u00e3o-de-Magalh\u00e3es-compress\u00e9.pdf\" target=\"_blank\" rel=\"noopener noreferrer\"><img loading=\"lazy\" decoding=\"async\" class=\"thumbnail aligncenter\" src=\"https:\/\/www.epefrance.org\/wp-content\/uploads\/2020\/02\/Cartaz-Concurso-Ferna%CC%83o-de-Magalha%CC%83es-compress%C3%A9-pdf.jpg\" alt=\"\" width=\"508\" height=\"719\" \/><\/a><\/p>\n","protected":false},"excerpt":{"rendered":"<p>Os concursos, dinamizados pela CEPE em 2019\/2020, t\u00eam como finalidade desenvolver, nos alunos, compet\u00eancias de literacia em l\u00edngua portuguesa, estimular o gosto pela leitura, promover o conhecimento da obra liter\u00e1ria de Agustina Bessa-Lu\u00eds, fomentar o conhecimento sobre Fern\u00e3o de Magalh\u00e3es e ampliar nos alunso o gosto pela hist\u00f3ria e pela pesquisa. CONCURSOS CEPE Regulamentos e [&hellip;]<\/p>\n","protected":false},"author":4,"featured_media":0,"parent":0,"menu_order":3,"comment_status":"closed","ping_status":"closed","template":"","meta":{"_acf_changed":false,"footnotes":""},"class_list":["post-2096","page","type-page","status-publish","hentry"],"acf":[],"_links":{"self":[{"href":"https:\/\/www.epefrance.org\/fr\/wp-json\/wp\/v2\/pages\/2096","targetHints":{"allow":["GET"]}}],"collection":[{"href":"https:\/\/www.epefrance.org\/fr\/wp-json\/wp\/v2\/pages"}],"about":[{"href":"https:\/\/www.epefrance.org\/fr\/wp-json\/wp\/v2\/types\/page"}],"author":[{"embeddable":true,"href":"https:\/\/www.epefrance.org\/fr\/wp-json\/wp\/v2\/users\/4"}],"replies":[{"embeddable":true,"href":"https:\/\/www.epefrance.org\/fr\/wp-json\/wp\/v2\/comments?post=2096"}],"version-history":[{"count":22,"href":"https:\/\/www.epefrance.org\/fr\/wp-json\/wp\/v2\/pages\/2096\/revisions"}],"predecessor-version":[{"id":4034,"href":"https:\/\/www.epefrance.org\/fr\/wp-json\/wp\/v2\/pages\/2096\/revisions\/4034"}],"wp:attachment":[{"href":"https:\/\/www.epefrance.org\/fr\/wp-json\/wp\/v2\/media?parent=2096"}],"curies":[{"name":"wp","href":"https:\/\/api.w.org\/{rel}","templated":true}]}}