{"id":211,"date":"2022-01-21T11:48:32","date_gmt":"2022-01-21T11:48:32","guid":{"rendered":"http:\/\/www.epefrance.org\/?page_id=211"},"modified":"2025-01-28T09:22:38","modified_gmt":"2025-01-28T09:22:38","slug":"documentacao-pedagogica","status":"publish","type":"page","link":"https:\/\/www.epefrance.org\/fr\/espaco-pedagogico\/documentacao-pedagogica\/","title":{"rendered":"Documenta\u00e7\u00e3o Pedag\u00f3gica"},"content":{"rendered":"","protected":true},"excerpt":{"rendered":"","protected":true},"author":2,"featured_media":0,"parent":47,"menu_order":2,"comment_status":"closed","ping_status":"closed","template":"","meta":{"_acf_changed":false,"footnotes":""},"class_list":["post-211","page","type-page","status-publish","post-password-required","hentry"],"acf":[],"_links":{"self":[{"href":"https:\/\/www.epefrance.org\/fr\/wp-json\/wp\/v2\/pages\/211","targetHints":{"allow":["GET"]}}],"collection":[{"href":"https:\/\/www.epefrance.org\/fr\/wp-json\/wp\/v2\/pages"}],"about":[{"href":"https:\/\/www.epefrance.org\/fr\/wp-json\/wp\/v2\/types\/page"}],"author":[{"embeddable":true,"href":"https:\/\/www.epefrance.org\/fr\/wp-json\/wp\/v2\/users\/2"}],"replies":[{"embeddable":true,"href":"https:\/\/www.epefrance.org\/fr\/wp-json\/wp\/v2\/comments?post=211"}],"version-history":[{"count":145,"href":"https:\/\/www.epefrance.org\/fr\/wp-json\/wp\/v2\/pages\/211\/revisions"}],"predecessor-version":[{"id":7422,"href":"https:\/\/www.epefrance.org\/fr\/wp-json\/wp\/v2\/pages\/211\/revisions\/7422"}],"up":[{"embeddable":true,"href":"https:\/\/www.epefrance.org\/fr\/wp-json\/wp\/v2\/pages\/47"}],"wp:attachment":[{"href":"https:\/\/www.epefrance.org\/fr\/wp-json\/wp\/v2\/media?parent=211"}],"curies":[{"name":"wp","href":"https:\/\/api.w.org\/{rel}","templated":true}]}}