{"id":2632,"date":"2019-03-26T11:41:53","date_gmt":"2019-03-26T10:41:53","guid":{"rendered":"http:\/\/www.epefrance.org\/?page_id=2632"},"modified":"2019-03-26T11:42:35","modified_gmt":"2019-03-26T10:42:35","slug":"estudar-em-portugal-2","status":"publish","type":"page","link":"https:\/\/www.epefrance.org\/fr\/estudar-em-portugal-2\/","title":{"rendered":"Estudar em Portugal"},"content":{"rendered":"<p><span style=\"font-family: georgia,palatino,serif; font-size: 12pt;\">Estudar em Portugal<\/span><\/p>\n<p><span style=\"font: 400 12pt\/22.28px georgia,palatino,serif; text-align: left; color: #000000; text-transform: none; text-indent: 0px; letter-spacing: normal; text-decoration: none; word-spacing: 0px; display: inline !important; white-space: normal; orphans: 2; font-size-adjust: none; font-stretch: 100%; float: none; -webkit-text-stroke-width: 0px; background-color: transparent;\">\u201cCom 114 institui\u00e7\u00f5es de ensino superior, cerca de 5 000 cursos, e perto de 350 000 estudantes, este pa\u00eds Europeu seguro e acolhedor permitir\u00e1 adquirir conhecimentos numa das l\u00ednguas mais faladas no mundo: o Portugu\u00eas.<\/span><br \/>\n<span style=\"font: 400 12pt\/22.28px georgia,palatino,serif; text-align: left; color: #000000; text-transform: none; text-indent: 0px; letter-spacing: normal; text-decoration: none; word-spacing: 0px; display: inline !important; white-space: normal; orphans: 2; font-size-adjust: none; font-stretch: 100%; float: none; -webkit-text-stroke-width: 0px; background-color: transparent;\"> Aqui poder\u00e1 encontrar mais informa\u00e7\u00e3o para vir estudar em Portugal.\u201d<\/span><\/p>\n<p><a href=\"https:\/\/www.epefrance.org\/wp-content\/uploads\/2019\/03\/studyandreserchinpt-logo.jpg\"><img loading=\"lazy\" decoding=\"async\" class=\"size-medium wp-image-2523 aligncenter\" src=\"https:\/\/www.epefrance.org\/wp-content\/uploads\/2019\/03\/studyandreserchinpt-logo-300x147.jpg\" alt=\"\" width=\"300\" height=\"147\" srcset=\"https:\/\/www.epefrance.org\/wp-content\/uploads\/2019\/03\/studyandreserchinpt-logo-300x147.jpg 300w, https:\/\/www.epefrance.org\/wp-content\/uploads\/2019\/03\/studyandreserchinpt-logo-768x377.jpg 768w, https:\/\/www.epefrance.org\/wp-content\/uploads\/2019\/03\/studyandreserchinpt-logo.jpg 780w\" sizes=\"auto, (max-width: 300px) 100vw, 300px\" \/><\/a><\/p>\n<p style=\"text-align: center;\"><a href=\"https:\/\/study-research.pt\/pt\/\" target=\"_blank\" rel=\"noopener noreferrer\">https:\/\/study-research.pt\/pt\/<\/a><\/p>\n","protected":false},"excerpt":{"rendered":"<p>Estudar em Portugal \u201cCom 114 institui\u00e7\u00f5es de ensino superior, cerca de 5 000 cursos, e perto de 350 000 estudantes, este pa\u00eds Europeu seguro e acolhedor permitir\u00e1 adquirir conhecimentos numa das l\u00ednguas mais faladas no mundo: o Portugu\u00eas. Aqui poder\u00e1 encontrar mais informa\u00e7\u00e3o para vir estudar em Portugal.\u201d https:\/\/study-research.pt\/pt\/<\/p>\n","protected":false},"author":4,"featured_media":0,"parent":0,"menu_order":0,"comment_status":"closed","ping_status":"closed","template":"","meta":{"_acf_changed":false,"footnotes":""},"class_list":["post-2632","page","type-page","status-publish","hentry"],"acf":[],"_links":{"self":[{"href":"https:\/\/www.epefrance.org\/fr\/wp-json\/wp\/v2\/pages\/2632","targetHints":{"allow":["GET"]}}],"collection":[{"href":"https:\/\/www.epefrance.org\/fr\/wp-json\/wp\/v2\/pages"}],"about":[{"href":"https:\/\/www.epefrance.org\/fr\/wp-json\/wp\/v2\/types\/page"}],"author":[{"embeddable":true,"href":"https:\/\/www.epefrance.org\/fr\/wp-json\/wp\/v2\/users\/4"}],"replies":[{"embeddable":true,"href":"https:\/\/www.epefrance.org\/fr\/wp-json\/wp\/v2\/comments?post=2632"}],"version-history":[{"count":1,"href":"https:\/\/www.epefrance.org\/fr\/wp-json\/wp\/v2\/pages\/2632\/revisions"}],"predecessor-version":[{"id":2633,"href":"https:\/\/www.epefrance.org\/fr\/wp-json\/wp\/v2\/pages\/2632\/revisions\/2633"}],"wp:attachment":[{"href":"https:\/\/www.epefrance.org\/fr\/wp-json\/wp\/v2\/media?parent=2632"}],"curies":[{"name":"wp","href":"https:\/\/api.w.org\/{rel}","templated":true}]}}