{"id":37,"date":"2020-08-28T15:14:19","date_gmt":"2020-08-28T14:14:19","guid":{"rendered":"http:\/\/www.epefrance.org\/?page_id=37"},"modified":"2024-05-20T12:01:37","modified_gmt":"2024-05-20T12:01:37","slug":"aprender-portugues-em-franca","status":"publish","type":"page","link":"https:\/\/www.epefrance.org\/fr\/menu\/aprender-portugues-em-franca\/","title":{"rendered":"Aprender portugu\u00eas em Fran\u00e7a"},"content":{"rendered":"<h2 style=\"text-align: center;\"><a href=\"https:\/\/www.epefrance.org\/wp-content\/uploads\/2021\/03\/Enseignement-du-Portugais-en-France-e1615915806562.jpg\"><img loading=\"lazy\" decoding=\"async\" class=\"alignnone wp-image-4511 \" src=\"https:\/\/www.epefrance.org\/wp-content\/uploads\/2021\/03\/Enseignement-du-Portugais-en-France-e1615915806562.jpg\" alt=\"\" width=\"644\" height=\"369\" srcset=\"https:\/\/www.epefrance.org\/wp-content\/uploads\/2021\/03\/Enseignement-du-Portugais-en-France-e1615915806562.jpg 1439w, https:\/\/www.epefrance.org\/wp-content\/uploads\/2021\/03\/Enseignement-du-Portugais-en-France-e1615915806562-300x172.jpg 300w, https:\/\/www.epefrance.org\/wp-content\/uploads\/2021\/03\/Enseignement-du-Portugais-en-France-e1615915806562-1024x586.jpg 1024w, https:\/\/www.epefrance.org\/wp-content\/uploads\/2021\/03\/Enseignement-du-Portugais-en-France-e1615915806562-768x440.jpg 768w\" sizes=\"auto, (max-width: 644px) 100vw, 644px\" \/><\/a><\/h2>\n<h3 style=\"text-align: center;\"><span style=\"color: #a60f0f;\"><strong>Ensino B\u00e1sico &#8211; Primeiro Ciclo<\/strong><\/span><\/h3>\n<p style=\"text-align: justify;\"><span style=\"color: #000080;\"><strong>Cursos de Portugu\u00eas<\/strong><\/span><br \/>\nO portugu\u00eas \u00e9 ensinado no primeiro ciclo do ensino b\u00e1sico da escola francesa, quer como LVE, em hor\u00e1rio integrado, quer como EILE, em hor\u00e1rio p\u00f3s-letivo. Os professores s\u00e3o colocado pelo Cam\u00f5es, I.P., Instituto da Coopera\u00e7\u00e3o e da L\u00edngua (Minist\u00e9rio dos Neg\u00f3cios Estrangeiros portugu\u00eas).<\/p>\n<p><span style=\"color: #000080;\"><strong>EILE \u2013 Ensino Internacional de L\u00edngua Estrangeira<br \/>\n<\/strong><\/span><a href=\"https:\/\/www.epefrance.org\/wp-content\/uploads\/2022\/09\/Rede_Cursos-EILE-ELVE_2022-23.pdf\" target=\"_blank\" rel=\"noopener\">Cursos para os alunos do 1\u00b0ciclo.<\/a> Funcionam em hor\u00e1rio p\u00f3s-letivo nas escolas de primeiro ciclo do ensino b\u00e1sico francesas, em modalidade de ensino internacional aberto a todas as crian\u00e7as deste n\u00edvel de ensino.<\/p>\n<p><span style=\"color: #000080;\"><strong>ELVE<\/strong> \u2013 <strong>Ensino de L\u00edngua Viva Estrangeira<br \/>\n<\/strong><\/span><a href=\"https:\/\/www.epefrance.org\/wp-content\/uploads\/2022\/09\/Rede_Cursos-EILE-ELVE_2022-23.pdf\" target=\"_blank\" rel=\"noopener\">Cursos integrados no curr\u00edculo escolar do aluno<\/a>, no 1\u00ba ciclo. Ensino integrado.<\/p>\n<h3><\/h3>\n<p>&nbsp;<\/p>\n<h3 style=\"text-align: center;\"><span style=\"color: #a60f0f;\"><strong>2\u00ba e 3\u00ba ciclos do Ensino B\u00e1sico e Ensino Secund\u00e1rio<\/strong><\/span><\/h3>\n<p style=\"text-align: justify;\"><span style=\"color: #000080;\"><strong>Coll\u00e8ge e Lyc\u00e9e<\/strong><\/span><br \/>\nO ensino do portugu\u00eas nos <em>Coll\u00e8ges<\/em> e <em>Lyc\u00e9es<\/em> \u00e9 da responsabilidade do Minist\u00e9rio da Educa\u00e7\u00e3o franc\u00eas e\u00a0\u00e9 integrado no curriculo escolar do aluno. Consulte a <a href=\"http:\/\/adepba.fr\/1er---2nd-degres.html\">lista de estabelecimentos<\/a>\u00a0que prop\u00f5em portugu\u00eas como LVE Lingua Viva Estrangeira.<\/p>\n<p style=\"text-align: justify;\"><span style=\"color: #000080;\"><strong>Sec\u00e7\u00f5es Internacionais Portuguesas<\/strong><\/span><br \/>\n<a href=\"https:\/\/www.epefrance.org\/seccoes-internacionais-portuguesas\/\" target=\"_blank\" rel=\"noopener\">O ensino do portugu\u00eas nas sec\u00e7\u00f5es internacionais<\/a> \u00e9 um dispositivo proposto pelo sistema educativo franc\u00eas e apoiado pelo governo portugu\u00eas. As sec\u00e7\u00f5es internacionais portuguesas preparam os alunos para os exames de L\u00edngua e Literatura portuguesa e de Hist\u00f3ria e Geografia. O OIB (op\u00e7\u00e3o internacional do <em>Baccalaur\u00e9at<\/em>) \u00a0constitui uma mais valia para o acesso aos melhores estabelecimentos de ensino superior e abre portas no mercado de trabalho.<\/p>\n<p><span style=\"color: #000080;\"><strong><br \/>\nEIE &#8211; Enseignement inter-\u00e9tablissement (ensino secund\u00e1rio)<br \/>\n<\/strong><\/span>Ensino da l\u00edngua portuguesa no ensino secund\u00e1rio : 2nde; 1\u00e8re e Terminale. Acess\u00edvel a todos os alunos mesmo que estejam escolarizados noutro estabelecimento escolar.<\/p>\n<p><a href=\"https:\/\/www.epefrance.org\/wp-content\/uploads\/2022\/03\/EIE.png\"><img loading=\"lazy\" decoding=\"async\" class=\"aligncenter wp-image-5672 \" src=\"https:\/\/www.epefrance.org\/wp-content\/uploads\/2022\/03\/EIE.png\" alt=\"\" width=\"719\" height=\"276\" srcset=\"https:\/\/www.epefrance.org\/wp-content\/uploads\/2022\/03\/EIE.png 860w, https:\/\/www.epefrance.org\/wp-content\/uploads\/2022\/03\/EIE-300x115.png 300w, https:\/\/www.epefrance.org\/wp-content\/uploads\/2022\/03\/EIE-768x295.png 768w\" sizes=\"auto, (max-width: 719px) 100vw, 719px\" \/><\/a><\/p>\n<p><strong><span style=\"color: #000080;\"><br \/>\nEnsino Associativo<\/span><br \/>\n<\/strong><a href=\"https:\/\/www.epefrance.org\/wp-content\/uploads\/2022\/09\/Rede_Cursos_AES_2022-23.pdf\" target=\"_blank\" rel=\"noopener\">Cursos para os alunos dos 2\u00b0 e\u00a03\u00b0\u00a0ciclos e Secund\u00e1rio (c<em>o<\/em><em>ll\u00e8ge<\/em>\u00a0\/<em>Lyc\u00e9e)<\/em><\/a><br \/>\nO Cam\u00f5es I.P. coloca professores em associa\u00e7\u00f5es para lecionar cursos de portugu\u00eas em localidades onde n\u00e3o existe nos <em>coll\u00e8ges<\/em> e <em>lyc\u00e9es<\/em>. Os programas lecionados nestes cursos seguem o quadro europeu comum de refer\u00eancia para as l\u00ednguas (CECRL). Os alunos podem obter um certificado de n\u00edvel de profici\u00eancia de l\u00edngua reconhecido oficialmente na Europa, realizando um exame de certifica\u00e7\u00e3o. Estes exames s\u00e3o da responsabilidade do Cam\u00f5es I.P. e do Minist\u00e9rio da educa\u00e7\u00e3o portugu\u00eas e realizam-se anualmente em Fran\u00e7a, nas regi\u00f5es onde h\u00e1 candidatos.<\/p>\n<p>&nbsp;<\/p>\n<h3 style=\"text-align: center;\"><span style=\"color: #a60f0f;\"><strong>Ensino Superior<\/strong><\/span><\/h3>\n<p><strong>Le Portugais dans l\u2019enseignement sup\u00e9rieur <\/strong><\/p>\n<ul>\n<li>Plus de <strong>40 universit\u00e9s<\/strong> dont plusieurs proposent des formations dipl\u00f4mantes\u00a0: licences, masters et doctorats<\/li>\n<li>Parmi celles-ci, <strong>14\u00a0<\/strong>ont des enseignants et des chercheurs dans le cadre de protocoles avec l\u2019institut <strong>Cam\u00f5es, I.P.<\/strong> (Portugal)<\/li>\n<li>Nombreux <strong>Protocoles<\/strong> sont sign\u00e9s avec des universit\u00e9s de pays lusophones<\/li>\n<li>Le portugais est \u00e9galement enseign\u00e9 dans plus de <strong>50 Grandes \u00c9coles<\/strong>, dont\u00a0:<\/li>\n<\/ul>\n<p>L\u2019<strong>ENA<\/strong> (\u00c9cole nationale d\u2019administration)<br \/>\nL\u2019<strong>ENS<\/strong> (\u00c9cole normale sup\u00e9rieure)<br \/>\nL\u2019<strong>EHESS<\/strong> (\u00c9cole des Hautes \u00c9tudes en Sciences Sociales \u2013 propose un doctorat en \u00e9tudes lusophones)<br \/>\n<strong>Sciences Po<\/strong> (Paris, Strasbourg, Toulouse, Bordeaux &#8211; propose un double dipl\u00f4me en sciences politiques et sociales \u2013 une fili\u00e8re int\u00e9gr\u00e9e France -Portugal (Coimbra) FIFPO)<br \/>\n<strong>HEC \u2013 Paris <\/strong>(\u00e9cole des Hautes \u00c9tudes Commerciales de Paris)<br \/>\nDans plusieurs <strong>\u00e9coles d\u2019ing\u00e9nieurs<br \/>\n<\/strong>Dans plusieurs <strong><em>Business school<\/em><\/strong><\/p>\n<p>Plus d&rsquo;informations :\u00a0<a href=\"http:\/\/carto.educ-br.fr\/\">http:\/\/carto.educ-br.fr\/<\/a><\/p>\n<p>&nbsp;<\/p>\n<p style=\"text-align: left;\">O Cam\u00f5es I.P. apoia o ensino do Portugu\u00eas em 14 universidades atrav\u00e9s de um leitor ou docente e da promo\u00e7\u00e3o de atividades culturais:<br \/>\n<strong>\u2022 3 Centros de L\u00edngua:<\/strong><br \/>\n&#8211;\u00a0<a href=\"https:\/\/llce.univ-lille.fr\" target=\"_blank\" rel=\"noopener noreferrer\">Centro de L\u00edngua Portuguesa<\/a> &#8211; Cam\u00f5es, Jos\u00e9 Saramago, Universidade Lille 3:<br \/>\n&#8211;\u00a0<a href=\"https:\/\/langues.univ-lyon2.fr\/formation\/etudes-des-monde-hispanophone-et-lusophone-1\" target=\"_blank\" rel=\"noopener noreferrer\">Centro de L\u00edngua Portuguesa<\/a> &#8211; Cam\u00f5es,\u00a0Universidade Lumi\u00e8re Lyon 2;<br \/>\n&#8211;\u00a0<a href=\"https:\/\/ll.univ-poitiers.fr\/accueil\/les-departements\/departement-departement-detudes-portugaises-et-bresiliennes\/\" target=\"_blank\" rel=\"noopener noreferrer\">Centro de L\u00edngua Portuguesa<\/a> &#8211; Cam\u00f5es, L\u00eddia Jorge, Universidade de\u00a0Poitiers.<\/p>\n<p><strong>\u2022 6 C\u00e1tedras:<\/strong><br \/>\n&#8211; <a href=\"https:\/\/www.instituto-camoes.pt\/sobre\/comunicacao\/noticias\/franca-catedra-lindley-cintra-na-universidade-paris-nanterre\" target=\"_blank\" rel=\"noopener\">C\u00e1tedra Lindley Cintra<\/a>, (<a href=\"https:\/\/crilus.parisnanterre.fr\/accueil\/\" target=\"_blank\" rel=\"noopener\">CRILUS<\/a>) Universidade de\u00a0Paris Nanterre;<br \/>\n&#8211; <a href=\"https:\/\/www.instituto-camoes.pt\/activity\/o-que-fazemos\/ensinar-portugues\/catedras-2\/catedra-sa-miranda-clermont-ferrand\" target=\"_blank\" rel=\"noopener\">C\u00e1tedra S\u00e1 de Miranda<\/a>, <a href=\"https:\/\/lcc.uca.fr\/international\/universites-partenaires\" target=\"_blank\" rel=\"noopener\">Universidade<\/a> de Clermont Auvergne (Clermont-Ferrand);<br \/>\n&#8211; <a href=\"https:\/\/www.instituto-camoes.pt\/activity\/o-que-fazemos\/ensinar-portugues\/catedras-2\/catedra-sophia-andressen-nantes\" target=\"_blank\" rel=\"noopener\">C\u00e1tedra Sophia de Mello Breyner<\/a>, Universidade de Nantes;<br \/>\n&#8211; <a href=\"https:\/\/www.instituto-camoes.pt\/activity\/o-que-fazemos\/ensinar-portugues\/catedras-2\/catedra-solange-parvaux-paris-2\" target=\"_blank\" rel=\"noopener\">C\u00e1tedra Solange Parvaux<\/a>, (<a href=\"https:\/\/crepal.fr\/2018\/01\/25\/chaire-solange-parvaux\/\" target=\"_blank\" rel=\"noopener\">CREPAL<\/a>) Universidade Sorbonne Paris III (Paris);<br \/>\n&#8211; <a href=\"https:\/\/www.instituto-camoes.pt\/activity\/o-que-fazemos\/ensinar-portugues\/catedras-2\/catedra-eduardo-lourenco-marselha\" target=\"_blank\" rel=\"noopener\">C\u00e1tedra Eduardo Louren\u00e7o<\/a>,\u00a0<a href=\"https:\/\/chaireeduardolourenco.jimdofree.com\" target=\"_blank\" rel=\"noopener\">Universidade<\/a> de Provence &#8211; Aix-Marseille (Aix-en-Provence);<br \/>\n&#8211; C\u00e1tedra Paul Teyssier, Universidade Sorbonne (Paris).<\/p>\n<p>&nbsp;<\/p>\n<p><span style=\"color: #000080;\">\u00a0<\/span><\/p>\n<p>&nbsp;<\/p>\n<p>&nbsp;<\/p>\n<p>&nbsp;<\/p>\n<p>&nbsp;<\/p>\n<p>&nbsp;<\/p>\n<p>&nbsp;<\/p>\n","protected":false},"excerpt":{"rendered":"<p>Ensino B\u00e1sico &#8211; Primeiro Ciclo Cursos de Portugu\u00eas O portugu\u00eas \u00e9 ensinado no primeiro ciclo do ensino b\u00e1sico da escola francesa, quer como LVE, em hor\u00e1rio integrado, quer como EILE, em hor\u00e1rio p\u00f3s-letivo. Os professores s\u00e3o colocado pelo Cam\u00f5es, I.P., Instituto da Coopera\u00e7\u00e3o e da L\u00edngua (Minist\u00e9rio dos Neg\u00f3cios Estrangeiros portugu\u00eas). EILE \u2013 Ensino Internacional [&hellip;]<\/p>\n","protected":false},"author":1,"featured_media":0,"parent":15,"menu_order":2,"comment_status":"closed","ping_status":"closed","template":"","meta":{"_acf_changed":false,"footnotes":""},"class_list":["post-37","page","type-page","status-publish","hentry"],"acf":[],"_links":{"self":[{"href":"https:\/\/www.epefrance.org\/fr\/wp-json\/wp\/v2\/pages\/37","targetHints":{"allow":["GET"]}}],"collection":[{"href":"https:\/\/www.epefrance.org\/fr\/wp-json\/wp\/v2\/pages"}],"about":[{"href":"https:\/\/www.epefrance.org\/fr\/wp-json\/wp\/v2\/types\/page"}],"author":[{"embeddable":true,"href":"https:\/\/www.epefrance.org\/fr\/wp-json\/wp\/v2\/users\/1"}],"replies":[{"embeddable":true,"href":"https:\/\/www.epefrance.org\/fr\/wp-json\/wp\/v2\/comments?post=37"}],"version-history":[{"count":85,"href":"https:\/\/www.epefrance.org\/fr\/wp-json\/wp\/v2\/pages\/37\/revisions"}],"predecessor-version":[{"id":7158,"href":"https:\/\/www.epefrance.org\/fr\/wp-json\/wp\/v2\/pages\/37\/revisions\/7158"}],"up":[{"embeddable":true,"href":"https:\/\/www.epefrance.org\/fr\/wp-json\/wp\/v2\/pages\/15"}],"wp:attachment":[{"href":"https:\/\/www.epefrance.org\/fr\/wp-json\/wp\/v2\/media?parent=37"}],"curies":[{"name":"wp","href":"https:\/\/api.w.org\/{rel}","templated":true}]}}