{"id":3849,"date":"2020-09-28T17:14:27","date_gmt":"2020-09-28T16:14:27","guid":{"rendered":"http:\/\/www.epefrance.org\/?page_id=3849"},"modified":"2022-01-17T23:30:21","modified_gmt":"2022-01-17T22:30:21","slug":"covid-19","status":"publish","type":"page","link":"https:\/\/www.epefrance.org\/fr\/covid-19\/","title":{"rendered":"COVID-19"},"content":{"rendered":"<ul>\n<li><a href=\"https:\/\/www.epefrance.org\/wp-content\/uploads\/2022\/01\/Ultima-Versao-Plano-de-Contingencia.pdf\" target=\"_blank\" rel=\"noopener\"><span style=\"font-size: 12pt;\"><span style=\"font-size: 12pt;\"><strong><span style=\"color: #000000;\">Plano de conting\u00eancia da Coordena\u00e7\u00e3o de Ensino 2021\/2022<\/span><\/strong><\/span><\/span><\/a><\/li>\n<\/ul>\n<p>&nbsp;<\/p>\n<ul>\n<li><strong><a href=\"https:\/\/www.epefrance.org\/wp-content\/uploads\/2022\/01\/Jan.2022_plano_contingencia_CEPE.pdf\" target=\"_blank\" rel=\"noopener\">Plano de conting\u00eancia da Coordena\u00e7\u00e3o de Ensino 2021\/2022 (Atualizado em 14 de janeiro de 2022<\/a>)<\/strong><\/li>\n<\/ul>\n<p>&nbsp;<\/p>\n<ul>\n<li><strong><a href=\"https:\/\/www.epefrance.org\/wp-content\/uploads\/2022\/01\/cadre-sanitaire-pour-le-fonctionnement-des-coles-et-tablissements-scolaires-ann-e-scolaire-2021-2022-91517.pdf\" target=\"_blank\" rel=\"noopener\"><span style=\"color: #000000; font-size: 12pt;\">Protocole sanitaire des \u00e9coles et des \u00e9tablissements scolaires &#8211; Ann\u00e9e Scolaire 2021\/2022 (Fran\u00e7a)<\/span><\/a><\/strong><br \/>\n<span style=\"font-size: 10pt;\"><a href=\"https:\/\/www.education.gouv.fr\/annee-scolaire-2021-2022-protocole-sanitaire-et-mesures-de-fonctionnement-324257\" target=\"_blank\" rel=\"noopener\">https:\/\/www.education.gouv.fr\/annee-scolaire-2021-2022-protocole-sanitaire-et-mesures-de-fonctionnement-324257<\/a><\/span><\/li>\n<\/ul>\n<p style=\"text-align: center;\"><a href=\"https:\/\/www.epefrance.org\/wp-content\/uploads\/2022\/01\/covid19-regles-isolement-14-janvier-2022-97693.jpg\"><img loading=\"lazy\" decoding=\"async\" class=\"aligncenter wp-image-5383 \" src=\"https:\/\/www.epefrance.org\/wp-content\/uploads\/2022\/01\/covid19-regles-isolement-14-janvier-2022-97693.jpg\" alt=\"\" width=\"725\" height=\"1017\" srcset=\"https:\/\/www.epefrance.org\/wp-content\/uploads\/2022\/01\/covid19-regles-isolement-14-janvier-2022-97693.jpg 1224w, https:\/\/www.epefrance.org\/wp-content\/uploads\/2022\/01\/covid19-regles-isolement-14-janvier-2022-97693-214x300.jpg 214w, https:\/\/www.epefrance.org\/wp-content\/uploads\/2022\/01\/covid19-regles-isolement-14-janvier-2022-97693-730x1024.jpg 730w, https:\/\/www.epefrance.org\/wp-content\/uploads\/2022\/01\/covid19-regles-isolement-14-janvier-2022-97693-768x1077.jpg 768w, https:\/\/www.epefrance.org\/wp-content\/uploads\/2022\/01\/covid19-regles-isolement-14-janvier-2022-97693-1095x1536.jpg 1095w\" sizes=\"auto, (max-width: 725px) 100vw, 725px\" \/><\/a><a href=\"https:\/\/www.education.gouv.fr\/covid19-mesures-pour-les-ecoles-colleges-et-lycees-modalites-pratiques-continuite-pedagogique-et-305467\" target=\"_blank\" rel=\"noopener\">https:\/\/www.education.gouv.fr\/covid19-mesures-pour-les-ecoles-colleges-et-lycees-modalites-pratiques-continuite-pedagogique-et-305467<\/a><\/p>\n<p><a href=\"https:\/\/www.epefrance.org\/wp-content\/uploads\/2022\/01\/infographie-synth-se-des-mesures-sanitaires-91637.jpg\"><img loading=\"lazy\" decoding=\"async\" class=\"aligncenter wp-image-5381 \" src=\"https:\/\/www.epefrance.org\/wp-content\/uploads\/2022\/01\/infographie-synth-se-des-mesures-sanitaires-91637.jpg\" alt=\"\" width=\"709\" height=\"1003\" srcset=\"https:\/\/www.epefrance.org\/wp-content\/uploads\/2022\/01\/infographie-synth-se-des-mesures-sanitaires-91637.jpg 1190w, https:\/\/www.epefrance.org\/wp-content\/uploads\/2022\/01\/infographie-synth-se-des-mesures-sanitaires-91637-212x300.jpg 212w, https:\/\/www.epefrance.org\/wp-content\/uploads\/2022\/01\/infographie-synth-se-des-mesures-sanitaires-91637-724x1024.jpg 724w, https:\/\/www.epefrance.org\/wp-content\/uploads\/2022\/01\/infographie-synth-se-des-mesures-sanitaires-91637-768x1086.jpg 768w, https:\/\/www.epefrance.org\/wp-content\/uploads\/2022\/01\/infographie-synth-se-des-mesures-sanitaires-91637-1086x1536.jpg 1086w\" sizes=\"auto, (max-width: 709px) 100vw, 709px\" \/><\/a><\/p>\n<p>&nbsp;<\/p>\n","protected":false},"excerpt":{"rendered":"<p>Plano de conting\u00eancia da Coordena\u00e7\u00e3o de Ensino 2021\/2022 &nbsp; Plano de conting\u00eancia da Coordena\u00e7\u00e3o de Ensino 2021\/2022 (Atualizado em 14 de janeiro de 2022) &nbsp; Protocole sanitaire des \u00e9coles et des \u00e9tablissements scolaires &#8211; Ann\u00e9e Scolaire 2021\/2022 (Fran\u00e7a) https:\/\/www.education.gouv.fr\/annee-scolaire-2021-2022-protocole-sanitaire-et-mesures-de-fonctionnement-324257 https:\/\/www.education.gouv.fr\/covid19-mesures-pour-les-ecoles-colleges-et-lycees-modalites-pratiques-continuite-pedagogique-et-305467 &nbsp;<\/p>\n","protected":false},"author":4,"featured_media":0,"parent":0,"menu_order":0,"comment_status":"closed","ping_status":"closed","template":"","meta":{"_acf_changed":false,"footnotes":""},"class_list":["post-3849","page","type-page","status-publish","hentry"],"acf":[],"_links":{"self":[{"href":"https:\/\/www.epefrance.org\/fr\/wp-json\/wp\/v2\/pages\/3849","targetHints":{"allow":["GET"]}}],"collection":[{"href":"https:\/\/www.epefrance.org\/fr\/wp-json\/wp\/v2\/pages"}],"about":[{"href":"https:\/\/www.epefrance.org\/fr\/wp-json\/wp\/v2\/types\/page"}],"author":[{"embeddable":true,"href":"https:\/\/www.epefrance.org\/fr\/wp-json\/wp\/v2\/users\/4"}],"replies":[{"embeddable":true,"href":"https:\/\/www.epefrance.org\/fr\/wp-json\/wp\/v2\/comments?post=3849"}],"version-history":[{"count":25,"href":"https:\/\/www.epefrance.org\/fr\/wp-json\/wp\/v2\/pages\/3849\/revisions"}],"predecessor-version":[{"id":5400,"href":"https:\/\/www.epefrance.org\/fr\/wp-json\/wp\/v2\/pages\/3849\/revisions\/5400"}],"wp:attachment":[{"href":"https:\/\/www.epefrance.org\/fr\/wp-json\/wp\/v2\/media?parent=3849"}],"curies":[{"name":"wp","href":"https:\/\/api.w.org\/{rel}","templated":true}]}}