{"id":3921,"date":"2020-10-16T16:04:57","date_gmt":"2020-10-16T15:04:57","guid":{"rendered":"http:\/\/www.epefrance.org\/?page_id=3921"},"modified":"2020-11-11T19:53:19","modified_gmt":"2020-11-11T18:53:19","slug":"newsletter-centro-cultural-camoes","status":"publish","type":"page","link":"https:\/\/www.epefrance.org\/fr\/newsletter-centro-cultural-camoes\/","title":{"rendered":"NEWSLETTER Centro Cultural Cam\u00f5es"},"content":{"rendered":"<p style=\"text-align: justify;\">Este Centro foi criado em 1995 por despacho conjunto dos Ministros dos Neg\u00f3cios Estrangeiros e das Finan\u00e7as. As suas atividades articulam-se em torno de dois eixos de interven\u00e7\u00e3o: ensino do Portugu\u00eas L\u00edngua Estrangeira e L\u00edngua de Comunica\u00e7\u00e3o Internacional e atividades de Promo\u00e7\u00e3o da Cultura Portuguesa em Fran\u00e7a.<\/p>\n<p>&nbsp;<\/p>\n<p style=\"text-align: center;\"><img loading=\"lazy\" decoding=\"async\" class=\"details-image aligncenter\" draggable=\"false\" src=\"https:\/\/www.epefrance.org\/wp-content\/uploads\/2019\/04\/Centro-Culturam-Cam\u00f5es-1024x642.jpg\" alt=\"\" width=\"392\" height=\"246\" \/><\/p>\n<p>&nbsp;<\/p>\n<p style=\"text-align: center;\"><a href=\"https:\/\/mailchi.mp\/f5b002ecd549\/bulletin-culturel-du-mois-de-dcembre?e=b9f47e1090\" target=\"_blank\" rel=\"noopener noreferrer\">Newsletter do Centro Cultural Cam\u00f5es<\/a><\/p>\n<p>&nbsp;<\/p>\n<p><strong>Centro Cultural Portugu\u00eas em Paris<br \/>\n<\/strong><\/p>\n<div>6, Passage Dombasle<br \/>\n75015 Paris<\/div>\n<div><\/div>\n<div><\/div>\n<div>Tel: +33 1 53 92 01 00<br \/>\nCorreio eletr\u00f3nico: CCP-PARIS@camoes.mne.pt<\/div>\n","protected":false},"excerpt":{"rendered":"<p>Este Centro foi criado em 1995 por despacho conjunto dos Ministros dos Neg\u00f3cios Estrangeiros e das Finan\u00e7as. As suas atividades articulam-se em torno de dois eixos de interven\u00e7\u00e3o: ensino do Portugu\u00eas L\u00edngua Estrangeira e L\u00edngua de Comunica\u00e7\u00e3o Internacional e atividades de Promo\u00e7\u00e3o da Cultura Portuguesa em Fran\u00e7a. &nbsp; &nbsp; Newsletter do Centro Cultural Cam\u00f5es &nbsp; [&hellip;]<\/p>\n","protected":false},"author":4,"featured_media":0,"parent":0,"menu_order":0,"comment_status":"closed","ping_status":"closed","template":"","meta":{"_acf_changed":false,"footnotes":""},"class_list":["post-3921","page","type-page","status-publish","hentry"],"acf":[],"_links":{"self":[{"href":"https:\/\/www.epefrance.org\/fr\/wp-json\/wp\/v2\/pages\/3921","targetHints":{"allow":["GET"]}}],"collection":[{"href":"https:\/\/www.epefrance.org\/fr\/wp-json\/wp\/v2\/pages"}],"about":[{"href":"https:\/\/www.epefrance.org\/fr\/wp-json\/wp\/v2\/types\/page"}],"author":[{"embeddable":true,"href":"https:\/\/www.epefrance.org\/fr\/wp-json\/wp\/v2\/users\/4"}],"replies":[{"embeddable":true,"href":"https:\/\/www.epefrance.org\/fr\/wp-json\/wp\/v2\/comments?post=3921"}],"version-history":[{"count":12,"href":"https:\/\/www.epefrance.org\/fr\/wp-json\/wp\/v2\/pages\/3921\/revisions"}],"predecessor-version":[{"id":4101,"href":"https:\/\/www.epefrance.org\/fr\/wp-json\/wp\/v2\/pages\/3921\/revisions\/4101"}],"wp:attachment":[{"href":"https:\/\/www.epefrance.org\/fr\/wp-json\/wp\/v2\/media?parent=3921"}],"curies":[{"name":"wp","href":"https:\/\/api.w.org\/{rel}","templated":true}]}}