{"id":4115,"date":"2020-11-16T17:21:38","date_gmt":"2020-11-16T16:21:38","guid":{"rendered":"http:\/\/www.epefrance.org\/?page_id=4115"},"modified":"2021-01-19T13:16:07","modified_gmt":"2021-01-19T12:16:07","slug":"2020-2021","status":"publish","type":"page","link":"https:\/\/www.epefrance.org\/fr\/2020-2021\/","title":{"rendered":"2020\/2021"},"content":{"rendered":"<h3 style=\"text-align: center;\"><span style=\"color: #b50000;\"><strong>CONCURSOS<\/strong><\/span><\/h3>\n<p>&nbsp;<\/p>\n<p><strong>Concurso fotogr\u00e1fico de leitura: Poemas que falam da L\u00edngua<\/strong><\/p>\n<ul>\n<li><a href=\"https:\/\/www.epefrance.org\/wp-content\/uploads\/2021\/01\/Cartaz-Concurso-foto-de-leitura.pdf\" target=\"_blank\" rel=\"noopener\">Cartaz<\/a><\/li>\n<li>Entrega de trabalhos at\u00e9 31 de mar\u00e7o de 2021<\/li>\n<li>Pr\u00e9mios a 5 de maio de 2021<\/li>\n<li><a href=\"https:\/\/www.epefrance.org\/wp-content\/uploads\/2021\/01\/Regulamento-Concurso-Fotogrfico-de-leitura.pdf\" target=\"_blank\" rel=\"noopener\">Regulamento<\/a><\/li>\n<\/ul>\n<p>&nbsp;<\/p>\n<p><span style=\"color: #000000;\"><strong>5\u00b0 centen\u00e1rio da <span class=\"font6\">viagem de circum-navega\u00e7\u00e3o\u00a0<\/span><span class=\"font5\">de Fern\u00e3o de Magalh\u00e3es<\/span><\/strong><\/span><\/p>\n<ul>\n<li><a href=\"https:\/\/www.epefrance.org\/wp-content\/uploads\/2020\/11\/cartaz-fernao-magalhaes.png\" target=\"_blank\" rel=\"noopener noreferrer\">Cartaz<\/a><\/li>\n<li>Entrega de trabalhos at\u00e9 <span class=\"font6\">31 de mar\u00e7o de 2021<\/span><\/li>\n<li><span class=\"font5\">Pr\u00e9mios a<\/span><span class=\"font6\"> 21 de maio de 2021<\/span><\/li>\n<li><a href=\"https:\/\/www.epefrance.org\/wp-content\/uploads\/2020\/11\/Regulamento-V-centenario-Viagem-Circum-Navegacao-College-Lycee2020-21.pdf\" target=\"_blank\" rel=\"noopener noreferrer\">Regulamento<\/a><\/li>\n<\/ul>\n<p>&nbsp;<\/p>\n<p><span style=\"color: #000000;\"><strong><span class=\"font6\">5 de maio dia mundial da L\u00edngua Portuguesa<\/span><span class=\"font5\"> &#8211; concurso em parceria com a ADEPBA<\/span><\/strong><\/span><\/p>\n<ul style=\"list-style-type: disc;\">\n<li><a href=\"https:\/\/www.epefrance.org\/wp-content\/uploads\/2020\/11\/ADEPBA-Concours-scolaire-2020.jpg\" target=\"_blank\" rel=\"noopener noreferrer\">Cartaz<\/a><\/li>\n<li>Entrega de trabalhos at\u00e9 <span class=\"font6\">31 mar\u00e7o de 2021<\/span><\/li>\n<li><span class=\"font5\">Pr\u00e9mios a <\/span><span class=\"font6\">5 de maio de 2021<\/span><\/li>\n<li><a href=\"https:\/\/www.epefrance.org\/wp-content\/uploads\/2020\/11\/PanfletoADEPBA.pdf\" target=\"_blank\" rel=\"noopener noreferrer\">Regulamento<\/a><\/li>\n<\/ul>\n<h3 style=\"text-align: center;\"><span style=\"color: #b50000;\"><strong>PROJETOS<\/strong><\/span><\/h3>\n<p><span style=\"color: #000000;\"><strong>5 de maio dia mundial da L\u00edngua Portuguesa<\/strong><\/span><\/p>\n<ul style=\"list-style-type: disc;\">\n<li>Apresenta\u00e7\u00e3o de projetos at\u00e9 31 de dezembro de 2020<\/li>\n<li>Entrega de trabalhos at\u00e9 10 de maio de 2021<\/li>\n<\/ul>\n<p>&nbsp;<\/p>\n<p><span style=\"color: #000000;\"><strong>Presid\u00eancia Portuguesa da UE &#8211; janeiro a junho de 2021<\/strong><\/span><\/p>\n<ul style=\"list-style-type: disc;\">\n<li>Apresenta\u00e7\u00e3o de projetos at\u00e9 31 de dezembro de 2020<\/li>\n<li>Entrega de trabalhos at\u00e9 10 de maio de 2021<\/li>\n<\/ul>\n<p>&nbsp;<\/p>\n<p><span style=\"color: #000000;\"><strong>10 de junho<\/strong><\/span><\/p>\n<ul>\n<li>Apresenta\u00e7\u00e3o do projeto at\u00e9 <span class=\"font6\">31 de dezembro de 2020<\/span><\/li>\n<li><span class=\"font5\">Entrega de trabalhos at\u00e9 <\/span><span class=\"font6\">10 de maio de 2021<\/span><\/li>\n<\/ul>\n","protected":false},"excerpt":{"rendered":"<p>CONCURSOS &nbsp; Concurso fotogr\u00e1fico de leitura: Poemas que falam da L\u00edngua Cartaz Entrega de trabalhos at\u00e9 31 de mar\u00e7o de 2021 Pr\u00e9mios a 5 de maio de 2021 Regulamento &nbsp; 5\u00b0 centen\u00e1rio da viagem de circum-navega\u00e7\u00e3o\u00a0de Fern\u00e3o de Magalh\u00e3es Cartaz Entrega de trabalhos at\u00e9 31 de mar\u00e7o de 2021 Pr\u00e9mios a 21 de maio de [&hellip;]<\/p>\n","protected":false},"author":4,"featured_media":0,"parent":0,"menu_order":0,"comment_status":"closed","ping_status":"closed","template":"","meta":{"_acf_changed":false,"footnotes":""},"class_list":["post-4115","page","type-page","status-publish","hentry"],"acf":[],"_links":{"self":[{"href":"https:\/\/www.epefrance.org\/fr\/wp-json\/wp\/v2\/pages\/4115","targetHints":{"allow":["GET"]}}],"collection":[{"href":"https:\/\/www.epefrance.org\/fr\/wp-json\/wp\/v2\/pages"}],"about":[{"href":"https:\/\/www.epefrance.org\/fr\/wp-json\/wp\/v2\/types\/page"}],"author":[{"embeddable":true,"href":"https:\/\/www.epefrance.org\/fr\/wp-json\/wp\/v2\/users\/4"}],"replies":[{"embeddable":true,"href":"https:\/\/www.epefrance.org\/fr\/wp-json\/wp\/v2\/comments?post=4115"}],"version-history":[{"count":7,"href":"https:\/\/www.epefrance.org\/fr\/wp-json\/wp\/v2\/pages\/4115\/revisions"}],"predecessor-version":[{"id":4322,"href":"https:\/\/www.epefrance.org\/fr\/wp-json\/wp\/v2\/pages\/4115\/revisions\/4322"}],"wp:attachment":[{"href":"https:\/\/www.epefrance.org\/fr\/wp-json\/wp\/v2\/media?parent=4115"}],"curies":[{"name":"wp","href":"https:\/\/api.w.org\/{rel}","templated":true}]}}