{"id":4479,"date":"2021-03-16T16:46:05","date_gmt":"2021-03-16T15:46:05","guid":{"rendered":"http:\/\/www.epefrance.org\/?page_id=4479"},"modified":"2022-09-22T14:50:58","modified_gmt":"2022-09-22T13:50:58","slug":"ensino-superior","status":"publish","type":"page","link":"https:\/\/www.epefrance.org\/fr\/ensino-superior\/","title":{"rendered":"Ensino Superior"},"content":{"rendered":"<h3 style=\"text-align: center;\"><strong>Ensino Superior com o\u00a0apoio do Cam\u00f5es I.P.<\/strong><\/h3>\n<p><span style=\"color: #b50000;\"><strong>Le Portugais dans l\u2019enseignement sup\u00e9rieur <\/strong><\/span><\/p>\n<ul>\n<li>Plus de <strong>40 universit\u00e9s<\/strong> dont plusieurs proposent des formations dipl\u00f4mantes\u00a0: licences, masters et doctorats<\/li>\n<li>Parmi celles-ci, <strong>14\u00a0<\/strong>ont des enseignants et des chercheurs dans le cadre de protocoles avec l\u2019institut <strong>Cam\u00f5es, I.P.<\/strong> (Portugal)<\/li>\n<li>Nombreux <strong>Protocoles<\/strong> sont sign\u00e9s avec des universit\u00e9s de pays lusophones<\/li>\n<\/ul>\n<p>&nbsp;<\/p>\n<ul>\n<li>Le portugais est \u00e9galement enseign\u00e9 dans plus de <strong>50 Grandes \u00c9coles<\/strong>, dont\u00a0:<\/li>\n<\/ul>\n<p>&#8211; L\u2019<strong>ENA<\/strong> (\u00c9cole nationale d\u2019administration)<\/p>\n<p>&#8211; L\u2019<strong>ENS<\/strong> (\u00c9cole normale sup\u00e9rieure)<\/p>\n<p>&#8211; L\u2019<strong>EHESS<\/strong> (\u00c9cole des Hautes \u00c9tudes en Sciences Sociales \u2013 propose un doctorat en \u00e9tudes lusophones)<\/p>\n<p><strong>\u00a0 \u00a0 \u00a0 \u00a0 \u00a0 \u00a0 \u00a0 \u00a0 \u00a0&#8211; Sciences Po<\/strong> (Paris, Strasbourg, Toulouse, Bordeaux &#8211; propose un double dipl\u00f4me en sciences politiques et sociales \u2013 une fili\u00e8re int\u00e9gr\u00e9e France -Portugal (Coimbra) FIFPO)<\/p>\n<p><strong>\u00a0 \u00a0 \u00a0 \u00a0 \u00a0 \u00a0 \u00a0 \u00a0 \u00a0&#8211; HEC \u2013 Paris <\/strong>(\u00c9cole des Hautes \u00c9tudes Commerciales de Paris)<\/p>\n<p>&#8211; Dans plusieurs <strong>\u00e9coles d\u2019ing\u00e9nieurs<\/strong><\/p>\n<p>&#8211; Dans plusieurs <strong><em>Business school<\/em><\/strong><\/p>\n<p>Plus d&rsquo;informations\u00a0<a href=\"http:\/\/carto.educ-br.fr\/\">http:\/\/carto.educ-br.fr\/<\/a><\/p>\n<p>&nbsp;<\/p>\n<ul style=\"list-style-type: disc;\">\n<li><strong>CPGE \u2013 Classes Pr\u00e9paratoires aux Grandes \u00c9coles\u00a0: Lyc\u00e9e Montaigne Paris<br \/>\n<\/strong>O Ensino do portugu\u00eas em classe de CPGE \u00e9 acess\u00edvel a todos os alunos de Paris\u00a0 e da regi\u00e3o e integra todos os cursos: liter\u00e1rio, ENS, ECG, \u00c9coles d\u2019ing\u00e9nieurs, em LVA e LVB.<\/li>\n<\/ul>\n<p>O Cam\u00f5es I.P. apoia o ensino do Portugu\u00eas em <a href=\"https:\/\/www.epefrance.org\/wp-content\/uploads\/2020\/12\/Rede-de-Ensino-Superior.pdf\" target=\"_blank\" rel=\"noopener noreferrer\">14 universidades<\/a> atrav\u00e9s de um leitor ou docente e da promo\u00e7\u00e3o de atividades culturais:<\/p>\n<p><strong>\u2022 3 Centros de L\u00edngua:<\/strong><br \/>\n&#8211;\u00a0<a href=\"https:\/\/llce.univ-lille.fr\" target=\"_blank\" rel=\"noopener noreferrer\">Centro de L\u00edngua Portuguesa<\/a> \u2013 Cam\u00f5es, Jos\u00e9 Saramago, Universidade Lille 3:<br \/>\n&#8211;\u00a0<a href=\"https:\/\/langues.univ-lyon2.fr\/formation\/etudes-des-monde-hispanophone-et-lusophone-1\" target=\"_blank\" rel=\"noopener noreferrer\">Centro de L\u00edngua Portuguesa<\/a> \u2013 Cam\u00f5es,\u00a0Universidade Lumi\u00e8re Lyon 2;<br \/>\n&#8211;\u00a0<a href=\"https:\/\/ll.univ-poitiers.fr\/accueil\/les-departements\/departement-departement-detudes-portugaises-et-bresiliennes\/\" target=\"_blank\" rel=\"noopener noreferrer\">Centro de L\u00edngua Portuguesa<\/a> \u2013 Cam\u00f5es, L\u00eddia Jorge, Universidade de\u00a0Poitiers.<\/p>\n<p><strong>\u2022 6 C\u00e1tedras:<\/strong><br \/>\n&#8211; <a href=\"https:\/\/www.instituto-camoes.pt\/sobre\/comunicacao\/noticias\/franca-catedra-lindley-cintra-na-universidade-paris-nanterre\" target=\"_blank\" rel=\"noopener\">C\u00e1tedra Lindley Cintra<\/a>, (<a href=\"https:\/\/crilus.parisnanterre.fr\/accueil\/\" target=\"_blank\" rel=\"noopener\">CRILUS<\/a>) Universidade de\u00a0Paris Nanterre;<br \/>\n&#8211; <a href=\"https:\/\/www.instituto-camoes.pt\/activity\/o-que-fazemos\/ensinar-portugues\/catedras-2\/catedra-sa-miranda-clermont-ferrand\" target=\"_blank\" rel=\"noopener\">C\u00e1tedra S\u00e1 de Miranda<\/a>, <a href=\"https:\/\/lcc.uca.fr\/international\/universites-partenaires\" target=\"_blank\" rel=\"noopener\">Universidade<\/a> de Clermont Auvergne (Clermont-Ferrand);<br \/>\n&#8211; <a href=\"https:\/\/www.instituto-camoes.pt\/activity\/o-que-fazemos\/ensinar-portugues\/catedras-2\/catedra-solange-parvaux-paris-2\" target=\"_blank\" rel=\"noopener\">C\u00e1tedra Solange Parvaux<\/a>, (<a href=\"https:\/\/crepal.fr\/2018\/01\/25\/chaire-solange-parvaux\/\" target=\"_blank\" rel=\"noopener\">CREPAL<\/a>) Universidade Sorbonne Paris III (Paris);<br \/>\n&#8211; <a href=\"https:\/\/www.instituto-camoes.pt\/activity\/o-que-fazemos\/ensinar-portugues\/catedras-2\/catedra-eduardo-lourenco-marselha\" target=\"_blank\" rel=\"noopener\">C\u00e1tedra Eduardo Louren\u00e7o<\/a>,\u00a0<a href=\"https:\/\/chaireeduardolourenco.jimdofree.com\" target=\"_blank\" rel=\"noopener\">Universidade<\/a> de Provence \u2013 Aix-Marseille (Aix-en-Provence);<br \/>\n&#8211; <a href=\"https:\/\/www.instituto-camoes.pt\/activity\/o-que-fazemos\/investigacao\/catedras\/franca\" target=\"_blank\" rel=\"noopener\">C\u00e1tedra Paul Teyssier<\/a>, Sorbonne Universit\u00e9 (Paris);<br \/>\n&#8211; C\u00e1tedra M\u00e1rio Soares, Universidade Rennes 2 (Rennes).<\/p>\n","protected":false},"excerpt":{"rendered":"<p>Ensino Superior com o\u00a0apoio do Cam\u00f5es I.P. Le Portugais dans l\u2019enseignement sup\u00e9rieur Plus de 40 universit\u00e9s dont plusieurs proposent des formations dipl\u00f4mantes\u00a0: licences, masters et doctorats Parmi celles-ci, 14\u00a0ont des enseignants et des chercheurs dans le cadre de protocoles avec l\u2019institut Cam\u00f5es, I.P. (Portugal) Nombreux Protocoles sont sign\u00e9s avec des universit\u00e9s de pays lusophones &nbsp; [&hellip;]<\/p>\n","protected":false},"author":4,"featured_media":0,"parent":0,"menu_order":0,"comment_status":"closed","ping_status":"closed","template":"","meta":{"_acf_changed":false,"footnotes":""},"class_list":["post-4479","page","type-page","status-publish","hentry"],"acf":[],"_links":{"self":[{"href":"https:\/\/www.epefrance.org\/fr\/wp-json\/wp\/v2\/pages\/4479","targetHints":{"allow":["GET"]}}],"collection":[{"href":"https:\/\/www.epefrance.org\/fr\/wp-json\/wp\/v2\/pages"}],"about":[{"href":"https:\/\/www.epefrance.org\/fr\/wp-json\/wp\/v2\/types\/page"}],"author":[{"embeddable":true,"href":"https:\/\/www.epefrance.org\/fr\/wp-json\/wp\/v2\/users\/4"}],"replies":[{"embeddable":true,"href":"https:\/\/www.epefrance.org\/fr\/wp-json\/wp\/v2\/comments?post=4479"}],"version-history":[{"count":10,"href":"https:\/\/www.epefrance.org\/fr\/wp-json\/wp\/v2\/pages\/4479\/revisions"}],"predecessor-version":[{"id":6039,"href":"https:\/\/www.epefrance.org\/fr\/wp-json\/wp\/v2\/pages\/4479\/revisions\/6039"}],"wp:attachment":[{"href":"https:\/\/www.epefrance.org\/fr\/wp-json\/wp\/v2\/media?parent=4479"}],"curies":[{"name":"wp","href":"https:\/\/api.w.org\/{rel}","templated":true}]}}