{"id":5970,"date":"2022-09-01T15:37:35","date_gmt":"2022-09-01T15:37:35","guid":{"rendered":"https:\/\/www.epefrance.org\/?page_id=5970"},"modified":"2025-01-28T09:09:23","modified_gmt":"2025-01-28T09:09:23","slug":"materiais-de-promocao-da-lingua-portuguesa","status":"publish","type":"page","link":"https:\/\/www.epefrance.org\/fr\/espaco-pedagogico\/materiais-de-promocao-da-lingua-portuguesa\/","title":{"rendered":"Materiais de promo\u00e7\u00e3o da L\u00edngua Portuguesa"},"content":{"rendered":"<h3 style=\"text-align: center;\">Campanha \u00ab\u00a0A descoberta do portugu\u00eas\u00a0\u00bb<\/h3>\n<p><strong><span style=\"color: #000000;\">Panfleto destinado aos pais<\/span><\/strong><\/p>\n<p><img loading=\"lazy\" decoding=\"async\" class=\"aligncenter wp-image-5511 \" src=\"https:\/\/www.epefrance.org\/wp-content\/uploads\/2022\/01\/flyer_pais_frente.jpg\" sizes=\"auto, (max-width: 1092px) 100vw, 1092px\" srcset=\"https:\/\/www.epefrance.org\/wp-content\/uploads\/2022\/01\/flyer_pais_frente.jpg 1717w, https:\/\/www.epefrance.org\/wp-content\/uploads\/2022\/01\/flyer_pais_frente-300x214.jpg 300w, https:\/\/www.epefrance.org\/wp-content\/uploads\/2022\/01\/flyer_pais_frente-1024x730.jpg 1024w, https:\/\/www.epefrance.org\/wp-content\/uploads\/2022\/01\/flyer_pais_frente-768x547.jpg 768w, https:\/\/www.epefrance.org\/wp-content\/uploads\/2022\/01\/flyer_pais_frente-1536x1095.jpg 1536w\" alt=\"\" width=\"976\" height=\"696\" \/><\/p>\n<p><img loading=\"lazy\" decoding=\"async\" class=\"aligncenter wp-image-5512 \" src=\"https:\/\/www.epefrance.org\/wp-content\/uploads\/2022\/01\/flyer_pais_verso.jpg\" sizes=\"auto, (max-width: 1093px) 100vw, 1093px\" srcset=\"https:\/\/www.epefrance.org\/wp-content\/uploads\/2022\/01\/flyer_pais_verso.jpg 1717w, https:\/\/www.epefrance.org\/wp-content\/uploads\/2022\/01\/flyer_pais_verso-300x214.jpg 300w, https:\/\/www.epefrance.org\/wp-content\/uploads\/2022\/01\/flyer_pais_verso-1024x730.jpg 1024w, https:\/\/www.epefrance.org\/wp-content\/uploads\/2022\/01\/flyer_pais_verso-768x547.jpg 768w, https:\/\/www.epefrance.org\/wp-content\/uploads\/2022\/01\/flyer_pais_verso-1536x1095.jpg 1536w\" alt=\"\" width=\"975\" height=\"695\" \/><\/p>\n<p>&nbsp;<\/p>\n<p>Clicar para ver e descarregar o v\u00eddeo: \u00a0<a href=\"https:\/\/www.dropbox.com\/s\/fm9pks0oop1wk37\/Video_Promocao_Ensino_do_Portugues.mp4?dl=0\" target=\"_blank\" rel=\"noopener\">\u00c0 descoberta do Portugu\u00eas<\/a><\/p>\n","protected":false},"excerpt":{"rendered":"<p>Campanha \u00ab\u00a0A descoberta do portugu\u00eas\u00a0\u00bb Panfleto destinado aos pais &nbsp; Clicar para ver e descarregar o v\u00eddeo: \u00a0\u00c0 descoberta do Portugu\u00eas<\/p>\n","protected":false},"author":2,"featured_media":0,"parent":47,"menu_order":9,"comment_status":"closed","ping_status":"closed","template":"","meta":{"_acf_changed":false,"footnotes":""},"class_list":["post-5970","page","type-page","status-publish","hentry"],"acf":[],"_links":{"self":[{"href":"https:\/\/www.epefrance.org\/fr\/wp-json\/wp\/v2\/pages\/5970","targetHints":{"allow":["GET"]}}],"collection":[{"href":"https:\/\/www.epefrance.org\/fr\/wp-json\/wp\/v2\/pages"}],"about":[{"href":"https:\/\/www.epefrance.org\/fr\/wp-json\/wp\/v2\/types\/page"}],"author":[{"embeddable":true,"href":"https:\/\/www.epefrance.org\/fr\/wp-json\/wp\/v2\/users\/2"}],"replies":[{"embeddable":true,"href":"https:\/\/www.epefrance.org\/fr\/wp-json\/wp\/v2\/comments?post=5970"}],"version-history":[{"count":7,"href":"https:\/\/www.epefrance.org\/fr\/wp-json\/wp\/v2\/pages\/5970\/revisions"}],"predecessor-version":[{"id":6565,"href":"https:\/\/www.epefrance.org\/fr\/wp-json\/wp\/v2\/pages\/5970\/revisions\/6565"}],"up":[{"embeddable":true,"href":"https:\/\/www.epefrance.org\/fr\/wp-json\/wp\/v2\/pages\/47"}],"wp:attachment":[{"href":"https:\/\/www.epefrance.org\/fr\/wp-json\/wp\/v2\/media?parent=5970"}],"curies":[{"name":"wp","href":"https:\/\/api.w.org\/{rel}","templated":true}]}}