{"id":6409,"date":"2026-03-03T15:30:25","date_gmt":"2026-03-03T15:30:25","guid":{"rendered":"http:\/\/www.epefrance.org\/?page_id=6409"},"modified":"2026-03-12T14:22:42","modified_gmt":"2026-03-12T14:22:42","slug":"seccoes-internacionais-portuguesas","status":"publish","type":"page","link":"https:\/\/www.epefrance.org\/fr\/seccoes-internacionais-portuguesas\/","title":{"rendered":"Sec\u00e7\u00f5es Internacionais Portuguesas (SIP)"},"content":{"rendered":"<p><b>As Sec\u00e7\u00f5es Internacionais Portuguesas (SIP) <\/b><b>existem no seio de alguns estabelecimentos de ensino franceses e resultam de acordos de coopera\u00e7\u00e3o educativa, assinados\u00a0 entre Portugal e a Fran\u00e7a.<\/b><\/p>\n<h2 style=\"text-align: center;\"><a href=\"https:\/\/www.epefrance.org\/wp-content\/uploads\/2026\/03\/Inscriptions-SIP-Rentree-2026.pdf\" target=\"_blank\" rel=\"noopener\"><strong><span style=\"color: #ff0000;\">SIP &#8211; Inscri\u00e7\u00f5es para o ano letivo 2026\/2027<\/span><\/strong><\/a><\/h2>\n<p>As Sec\u00e7\u00f5es Internacionais Portuguesas est\u00e3o abertas a todos os alunos. A escolaridade dos alunos \u00e9 validada pelo\u00a0 \u201cDipl\u00f4me National du Brevet \u2013 Option Internationale\u201d (em 3<sup>\u00e8me<\/sup>), e, posteriormente, pelo \u201cBaccalaur\u00e9at Fran\u00e7ais International\u201d (<strong>BFI<\/strong>), constituindo uma mais-valia no percurso escolar dos alunos.<\/p>\n<p>As aprendizagens espec\u00edficas em L\u00edngua Portuguesa (l\u00edngua e literatura portuguesas dos pa\u00edses lus\u00f3fonos e hist\u00f3ria-geografia) s\u00e3o ministradas por docentes nativos, com a forma\u00e7\u00e3o acad\u00e9mica necess\u00e1ria para o desempenho das fun\u00e7\u00f5es.<\/p>\n<p>O Estado Portugu\u00eas coloca \u00e0 disposi\u00e7\u00e3o os docentes de l\u00edngua e literatura e de hist\u00f3ria e geografia que ensinam nas sec\u00e7\u00f5es internacionais portuguesas (SIP).<\/p>\n<p>Ao longo do percurso escolar, os alunos s\u00e3o convidados a participar em projetos pedag\u00f3gicos que contribuem para o seu enriquecimento cultural e pessoal e que os preparam para um mundo globalizado e multicultural, no qual a l\u00edngua portuguesa ganha cada vez mais um papel preponderante, enquanto l\u00edngua internacional e de comunica\u00e7\u00e3o.<\/p>\n<p><strong>A admiss\u00e3o<\/strong> em Sec\u00e7\u00e3o Internacional faz-se atrav\u00e9s de uma prova escrita e oral, aferindo que o aluno possui conhecimentos em L\u00edngua Portuguesa. O mais importante \u00e9 que o aluno esteja motivado para partir nesta aventura repleta de projetos e de intera\u00e7\u00f5es extremamente enriquecedoras.<\/p>\n<p>Veja no mapa abaixo a oferta dispon\u00edvel.<\/p>\n<p><iframe loading=\"lazy\" src=\"https:\/\/www.google.com\/maps\/d\/u\/4\/embed?mid=1_BSV_2hjj3dZmh-futfEVhFBsmmGyTk&#038;ehbc=2E312F\" width=\"100%\" height=\"480\"><span style=\"display: inline-block; width: 0px; overflow: hidden; line-height: 0;\" data-mce-type=\"bookmark\" class=\"mce_SELRES_start\">\ufeff<\/span><\/iframe><\/p>\n<p>&nbsp;<\/p>\n","protected":false},"excerpt":{"rendered":"<p>As Sec\u00e7\u00f5es Internacionais Portuguesas (SIP) existem no seio de alguns estabelecimentos de ensino franceses e resultam de acordos de coopera\u00e7\u00e3o educativa, assinados\u00a0 entre Portugal e a Fran\u00e7a. SIP &#8211; Inscri\u00e7\u00f5es para o ano letivo 2026\/2027 As Sec\u00e7\u00f5es Internacionais Portuguesas est\u00e3o abertas a todos os alunos. A escolaridade dos alunos \u00e9 validada pelo\u00a0 \u201cDipl\u00f4me National du [&hellip;]<\/p>\n","protected":false},"author":1,"featured_media":6410,"parent":0,"menu_order":0,"comment_status":"closed","ping_status":"closed","template":"","meta":{"_acf_changed":false,"footnotes":""},"class_list":["post-6409","page","type-page","status-publish","has-post-thumbnail","hentry"],"acf":[],"_links":{"self":[{"href":"https:\/\/www.epefrance.org\/fr\/wp-json\/wp\/v2\/pages\/6409","targetHints":{"allow":["GET"]}}],"collection":[{"href":"https:\/\/www.epefrance.org\/fr\/wp-json\/wp\/v2\/pages"}],"about":[{"href":"https:\/\/www.epefrance.org\/fr\/wp-json\/wp\/v2\/types\/page"}],"author":[{"embeddable":true,"href":"https:\/\/www.epefrance.org\/fr\/wp-json\/wp\/v2\/users\/1"}],"replies":[{"embeddable":true,"href":"https:\/\/www.epefrance.org\/fr\/wp-json\/wp\/v2\/comments?post=6409"}],"version-history":[{"count":24,"href":"https:\/\/www.epefrance.org\/fr\/wp-json\/wp\/v2\/pages\/6409\/revisions"}],"predecessor-version":[{"id":7878,"href":"https:\/\/www.epefrance.org\/fr\/wp-json\/wp\/v2\/pages\/6409\/revisions\/7878"}],"wp:featuredmedia":[{"embeddable":true,"href":"https:\/\/www.epefrance.org\/fr\/wp-json\/wp\/v2\/media\/6410"}],"wp:attachment":[{"href":"https:\/\/www.epefrance.org\/fr\/wp-json\/wp\/v2\/media?parent=6409"}],"curies":[{"name":"wp","href":"https:\/\/api.w.org\/{rel}","templated":true}]}}