{"id":981,"date":"2015-12-18T00:38:40","date_gmt":"2015-12-17T23:38:40","guid":{"rendered":"http:\/\/www.epefrance.org\/?page_id=981"},"modified":"2020-11-11T19:39:24","modified_gmt":"2020-11-11T18:39:24","slug":"camoes-instituto-da-cooperacao-e-da-lingua-i-p","status":"publish","type":"page","link":"https:\/\/www.epefrance.org\/fr\/ligacoes-uteis\/camoes-instituto-da-cooperacao-e-da-lingua-i-p\/","title":{"rendered":"Cam\u00f5es &#8211; Instituto da Coopera\u00e7\u00e3o e da L\u00edngua, I.P."},"content":{"rendered":"<p><a href=\"https:\/\/www.epefrance.org\/wp-content\/uploads\/2015\/09\/C-A-RGB.jpg\" rel=\"attachment wp-att-185\"><img loading=\"lazy\" decoding=\"async\" class=\"size-medium wp-image-185 aligncenter\" src=\"https:\/\/www.epefrance.org\/wp-content\/uploads\/2015\/09\/C-A-RGB-300x150.jpg\" alt=\"C-A-RGB\" width=\"300\" height=\"150\" srcset=\"https:\/\/www.epefrance.org\/wp-content\/uploads\/2015\/09\/C-A-RGB-300x150.jpg 300w, https:\/\/www.epefrance.org\/wp-content\/uploads\/2015\/09\/C-A-RGB.jpg 469w\" sizes=\"auto, (max-width: 300px) 100vw, 300px\" \/><\/a><\/p>\n<p>&nbsp;<\/p>\n<p style=\"text-align: center;\"><a href=\"http:\/\/www.instituto-camoes.pt\/\" target=\"_blank\" rel=\"noopener noreferrer\">http:\/\/www.instituto-camoes.pt\/<\/a><\/p>\n<p>&nbsp;<\/p>\n<p><strong>Instituto Cam\u00f5es &#8211; Instituto da Coopera\u00e7\u00e3o e da L\u00edngua, I.P.<br \/>\nMinist\u00e9rio dos Neg\u00f3cios Estrangeiros<\/strong><\/p>\n<p>Rua Rodrigues Sampaio<br \/>\n113, 1150-279\u00a0Lisboa<br \/>\nPortugal<\/p>\n<p>Telefone: (00351) 213 109 100<br \/>\nFax: (00351) 213 143 987<\/p>\n<p>Email geral: <span id=\"cloak0c1d10e572d6e0b79665e79e7d69ca05\"><a href=\"mailto:geral@camoes.mne.pt\">geral@camoes.mne.pt<\/a><br \/>\n<\/span>Redes sociais: <a href=\"https:\/\/www.facebook.com\/camoes.ip\" target=\"_blank\" rel=\"noopener noreferrer\">https:\/\/www.facebook.com\/camoes.ip<\/a><\/p>\n","protected":false},"excerpt":{"rendered":"<p>&nbsp; http:\/\/www.instituto-camoes.pt\/ &nbsp; Instituto Cam\u00f5es &#8211; Instituto da Coopera\u00e7\u00e3o e da L\u00edngua, I.P. Minist\u00e9rio dos Neg\u00f3cios Estrangeiros Rua Rodrigues Sampaio 113, 1150-279\u00a0Lisboa Portugal Telefone: (00351) 213 109 100 Fax: (00351) 213 143 987 Email geral: geral@camoes.mne.pt Redes sociais: https:\/\/www.facebook.com\/camoes.ip<\/p>\n","protected":false},"author":4,"featured_media":0,"parent":131,"menu_order":0,"comment_status":"closed","ping_status":"closed","template":"","meta":{"_acf_changed":false,"footnotes":""},"class_list":["post-981","page","type-page","status-publish","hentry"],"acf":[],"_links":{"self":[{"href":"https:\/\/www.epefrance.org\/fr\/wp-json\/wp\/v2\/pages\/981","targetHints":{"allow":["GET"]}}],"collection":[{"href":"https:\/\/www.epefrance.org\/fr\/wp-json\/wp\/v2\/pages"}],"about":[{"href":"https:\/\/www.epefrance.org\/fr\/wp-json\/wp\/v2\/types\/page"}],"author":[{"embeddable":true,"href":"https:\/\/www.epefrance.org\/fr\/wp-json\/wp\/v2\/users\/4"}],"replies":[{"embeddable":true,"href":"https:\/\/www.epefrance.org\/fr\/wp-json\/wp\/v2\/comments?post=981"}],"version-history":[{"count":7,"href":"https:\/\/www.epefrance.org\/fr\/wp-json\/wp\/v2\/pages\/981\/revisions"}],"predecessor-version":[{"id":4093,"href":"https:\/\/www.epefrance.org\/fr\/wp-json\/wp\/v2\/pages\/981\/revisions\/4093"}],"up":[{"embeddable":true,"href":"https:\/\/www.epefrance.org\/fr\/wp-json\/wp\/v2\/pages\/131"}],"wp:attachment":[{"href":"https:\/\/www.epefrance.org\/fr\/wp-json\/wp\/v2\/media?parent=981"}],"curies":[{"name":"wp","href":"https:\/\/api.w.org\/{rel}","templated":true}]}}